{"id":11775,"date":"2025-08-28T12:06:24","date_gmt":"2025-08-28T12:06:24","guid":{"rendered":"https:\/\/afripick.com\/?page_id=11775"},"modified":"2025-09-24T10:44:25","modified_gmt":"2025-09-24T10:44:25","slug":"blackberries","status":"publish","type":"page","link":"https:\/\/afripick.com\/es\/blackberries\/","title":{"rendered":"Moras"},"content":{"rendered":"<div data-elementor-type=\"wp-page\" data-elementor-id=\"11775\" class=\"elementor elementor-11775\" data-elementor-post-type=\"page\">\n\t\t\t\t<div class=\"elementor-element elementor-element-2940ab6 e-flex e-con-boxed e-con e-parent\" data-id=\"2940ab6\" data-element_type=\"container\" data-settings=\"{&quot;background_background&quot;:&quot;video&quot;,&quot;background_video_link&quot;:&quot;https:\\\/\\\/afripick.com\\\/wp-content\\\/uploads\\\/2025\\\/08\\\/WhatsApp-Video-2025-08-30-at-15.06.02.mp4&quot;,&quot;background_play_on_mobile&quot;:&quot;yes&quot;}\">\t\t\t<div class=\"e-con-inner\">\r\n\t\t<div class=\"elementor-background-video-container\">\n\t\t\t\t\t\t\t<video class=\"elementor-background-video-hosted\" autoplay muted playsinline loop><\/video>\n\t\t\t\t\t<\/div>\t\t<div class=\"elementor-element elementor-element-2366761 elementor-widget elementor-widget-pxl_heading\" data-id=\"2366761\" data-element_type=\"widget\" data-widget_type=\"pxl_heading.default\">\n\t\t\t\t<div class=\"elementor-widget-container\">\n\t\t\t\t\t<div class=\"pxl-heading\">\n\t<div class=\"pxl-heading--inner\">\n\t\t\t\t<h1 class=\"pxl-item--title divider-none wow flipInX  style1\" data-wow-delay=\"200ms\" data-wow-duration=\"1.5s\">\n\t\t\tMoras\t\t<\/h1>\n\t<\/div>\n<\/div>\t\t\t\t<\/div>\n\t\t\t\t<\/div>\n\t\t\t\t\t<\/div>\r\n\t\t\t\t<\/div>\r\n\t\t<div class=\"elementor-element elementor-element-f6131ef e-flex e-con-boxed e-con e-parent\" data-id=\"f6131ef\" data-element_type=\"container\">\t\t\t<div class=\"e-con-inner\">\r\n\t\t<div class=\"elementor-element elementor-element-b1d94e4 e-con-full e-flex e-con e-child\" data-id=\"b1d94e4\" data-element_type=\"container\"><div class=\"elementor-element elementor-element-715e774 e-con-full e-flex e-con e-child\" data-id=\"715e774\" data-element_type=\"container\"><div class=\"elementor-element elementor-element-00a6c98 e-con-full e-flex e-con e-child\" data-id=\"00a6c98\" data-element_type=\"container\"><div class=\"elementor-element elementor-element-b5f0298 e-con-full e-flex e-con e-child\" data-id=\"b5f0298\" data-element_type=\"container\">\t\t<div class=\"elementor-element elementor-element-114be34 elementor-align-left elementor-widget elementor-widget-lottie\" data-id=\"114be34\" data-element_type=\"widget\" data-settings=\"{&quot;source_json&quot;:{&quot;url&quot;:&quot;https:\\\/\\\/afripick.com\\\/wp-content\\\/uploads\\\/2025\\\/08\\\/cranberries_16060005.json&quot;,&quot;id&quot;:11668,&quot;size&quot;:&quot;&quot;,&quot;alt&quot;:&quot;&quot;,&quot;source&quot;:&quot;library&quot;},&quot;source&quot;:&quot;media_file&quot;,&quot;caption_source&quot;:&quot;none&quot;,&quot;link_to&quot;:&quot;none&quot;,&quot;trigger&quot;:&quot;arriving_to_viewport&quot;,&quot;viewport&quot;:{&quot;unit&quot;:&quot;%&quot;,&quot;size&quot;:&quot;&quot;,&quot;sizes&quot;:{&quot;start&quot;:0,&quot;end&quot;:100}},&quot;play_speed&quot;:{&quot;unit&quot;:&quot;px&quot;,&quot;size&quot;:1,&quot;sizes&quot;:[]},&quot;start_point&quot;:{&quot;unit&quot;:&quot;%&quot;,&quot;size&quot;:0,&quot;sizes&quot;:[]},&quot;end_point&quot;:{&quot;unit&quot;:&quot;%&quot;,&quot;size&quot;:100,&quot;sizes&quot;:[]},&quot;renderer&quot;:&quot;svg&quot;}\" data-widget_type=\"lottie.default\">\n\t\t\t\t\t<div class=\"e-lottie__container\"><div class=\"e-lottie__animation\"><\/div><\/div>\t\t\t\t<\/div>\n\t\t\t\t<div class=\"elementor-element elementor-element-d43fb4e e-transform elementor-widget elementor-widget-pxl_heading\" data-id=\"d43fb4e\" data-element_type=\"widget\" data-settings=\"{&quot;_transform_translateX_effect&quot;:{&quot;unit&quot;:&quot;px&quot;,&quot;size&quot;:9,&quot;sizes&quot;:[]},&quot;_transform_translateX_effect_laptop&quot;:{&quot;unit&quot;:&quot;px&quot;,&quot;size&quot;:&quot;&quot;,&quot;sizes&quot;:[]},&quot;_transform_translateX_effect_tablet_extra&quot;:{&quot;unit&quot;:&quot;px&quot;,&quot;size&quot;:&quot;&quot;,&quot;sizes&quot;:[]},&quot;_transform_translateX_effect_tablet&quot;:{&quot;unit&quot;:&quot;px&quot;,&quot;size&quot;:&quot;&quot;,&quot;sizes&quot;:[]},&quot;_transform_translateX_effect_mobile_extra&quot;:{&quot;unit&quot;:&quot;px&quot;,&quot;size&quot;:&quot;&quot;,&quot;sizes&quot;:[]},&quot;_transform_translateX_effect_mobile&quot;:{&quot;unit&quot;:&quot;px&quot;,&quot;size&quot;:&quot;&quot;,&quot;sizes&quot;:[]},&quot;_transform_translateY_effect&quot;:{&quot;unit&quot;:&quot;px&quot;,&quot;size&quot;:&quot;&quot;,&quot;sizes&quot;:[]},&quot;_transform_translateY_effect_laptop&quot;:{&quot;unit&quot;:&quot;px&quot;,&quot;size&quot;:&quot;&quot;,&quot;sizes&quot;:[]},&quot;_transform_translateY_effect_tablet_extra&quot;:{&quot;unit&quot;:&quot;px&quot;,&quot;size&quot;:&quot;&quot;,&quot;sizes&quot;:[]},&quot;_transform_translateY_effect_tablet&quot;:{&quot;unit&quot;:&quot;px&quot;,&quot;size&quot;:&quot;&quot;,&quot;sizes&quot;:[]},&quot;_transform_translateY_effect_mobile_extra&quot;:{&quot;unit&quot;:&quot;px&quot;,&quot;size&quot;:&quot;&quot;,&quot;sizes&quot;:[]},&quot;_transform_translateY_effect_mobile&quot;:{&quot;unit&quot;:&quot;px&quot;,&quot;size&quot;:&quot;&quot;,&quot;sizes&quot;:[]}}\" data-widget_type=\"pxl_heading.default\">\n\t\t\t\t<div class=\"elementor-widget-container\">\n\t\t\t\t\t<div class=\"pxl-heading\">\n\t<div class=\"pxl-heading--inner\">\n\t\t\t\t\t<div class=\"pxl-item--subtitle\" data-wow-delay=\"ms\" data-wow-duration=\"1.2s\"><span>Nuestras moras<\/span><\/div>\n\t\t\t\t<h3 class=\"pxl-item--title divider-none   style1\" data-wow-delay=\"ms\" data-wow-duration=\"1.2s\">\n\t\t\tMorado intenso, naturalmente atrevido.\t\t<\/h3>\n\t<\/div>\n<\/div>\t\t\t\t<\/div>\n\t\t\t\t<\/div>\n\t\t<div class=\"elementor-element elementor-element-03ffbf8 e-con-full e-flex e-con e-child\" data-id=\"03ffbf8\" data-element_type=\"container\">\t\t<div class=\"elementor-element elementor-element-9aa3129 e-transform elementor-widget elementor-widget-pxl_text_editor\" data-id=\"9aa3129\" data-element_type=\"widget\" data-settings=\"{&quot;_transform_translateX_effect&quot;:{&quot;unit&quot;:&quot;px&quot;,&quot;size&quot;:-1,&quot;sizes&quot;:[]},&quot;_transform_translateY_effect&quot;:{&quot;unit&quot;:&quot;px&quot;,&quot;size&quot;:-4,&quot;sizes&quot;:[]},&quot;_transform_translateX_effect_laptop&quot;:{&quot;unit&quot;:&quot;px&quot;,&quot;size&quot;:&quot;&quot;,&quot;sizes&quot;:[]},&quot;_transform_translateX_effect_tablet_extra&quot;:{&quot;unit&quot;:&quot;px&quot;,&quot;size&quot;:&quot;&quot;,&quot;sizes&quot;:[]},&quot;_transform_translateX_effect_tablet&quot;:{&quot;unit&quot;:&quot;px&quot;,&quot;size&quot;:&quot;&quot;,&quot;sizes&quot;:[]},&quot;_transform_translateX_effect_mobile_extra&quot;:{&quot;unit&quot;:&quot;px&quot;,&quot;size&quot;:&quot;&quot;,&quot;sizes&quot;:[]},&quot;_transform_translateX_effect_mobile&quot;:{&quot;unit&quot;:&quot;px&quot;,&quot;size&quot;:&quot;&quot;,&quot;sizes&quot;:[]},&quot;_transform_translateY_effect_laptop&quot;:{&quot;unit&quot;:&quot;px&quot;,&quot;size&quot;:&quot;&quot;,&quot;sizes&quot;:[]},&quot;_transform_translateY_effect_tablet_extra&quot;:{&quot;unit&quot;:&quot;px&quot;,&quot;size&quot;:&quot;&quot;,&quot;sizes&quot;:[]},&quot;_transform_translateY_effect_tablet&quot;:{&quot;unit&quot;:&quot;px&quot;,&quot;size&quot;:&quot;&quot;,&quot;sizes&quot;:[]},&quot;_transform_translateY_effect_mobile_extra&quot;:{&quot;unit&quot;:&quot;px&quot;,&quot;size&quot;:&quot;&quot;,&quot;sizes&quot;:[]},&quot;_transform_translateY_effect_mobile&quot;:{&quot;unit&quot;:&quot;px&quot;,&quot;size&quot;:&quot;&quot;,&quot;sizes&quot;:[]}}\" data-widget_type=\"pxl_text_editor.default\">\n\t\t\t\t<div class=\"elementor-widget-container\">\n\t\t\t\t\t<div class=\"pxl-text-editor wow flash\" data-wow-delay=\"ms\" data-wow-duration=\"1.2s\">\n\t<div class=\"pxl-item--inner\">\n\t\t<p data-start=\"80\" data-end=\"376\">Atrevidas, ricas y rebosantes de sabor, las moras son un verdadero tesoro entre las bayas. Su profundo tono p\u00farpura y su equilibrio \u00fanico de dulzor y acidez las hacen deliciosas y vers\u00e1tiles. Repletas de vitaminas, antioxidantes y fibra, las moras son tan nutritivas como deliciosas.<\/p><p data-start=\"378\" data-end=\"660\">Desde su disfrute en fresco hasta sus creativos usos culinarios, las moras aportan profundidad y elegancia a cualquier plato, ya sea en postres, mermeladas, batidos o simplemente saboreadas solas. Su color vibrante y su sabor intenso las convierten en la opci\u00f3n favorita de quienes aprecian la excelencia natural.<\/p><p data-start=\"662\" data-end=\"962\">En Afripick, estamos orgullosos de ofrecer moras marroqu\u00edes de primera calidad, cuidadosamente cultivadas y recolectadas a mano para cumplir las normas internacionales. <strong data-start=\"802\" data-end=\"860\">Disponible de febrero a abril ,<\/strong> cada baya refleja nuestro compromiso con la frescura, el sabor y la calidad para los mercados de todo el mundo.<\/p>\t<\/div>\n<\/div>\n\t\t\t\t<\/div>\n\t\t\t\t<\/div>\n\t\t\t\t<\/div>\r\n\t\t\t\t<\/div>\r\n\t\t<div class=\"elementor-element elementor-element-c0d85cb e-con-full e-flex e-con e-child\" data-id=\"c0d85cb\" data-element_type=\"container\"><div class=\"elementor-element elementor-element-1767ee9 e-con-full e-flex e-con e-child\" data-id=\"1767ee9\" data-element_type=\"container\">\t\t<div class=\"elementor-element elementor-element-818c0c2 e-transform elementor-widget elementor-widget-image-carousel\" data-id=\"818c0c2\" data-element_type=\"widget\" data-settings=\"{&quot;slides_to_show&quot;:&quot;1&quot;,&quot;navigation&quot;:&quot;none&quot;,&quot;autoplay_speed&quot;:1000,&quot;_transform_translateX_effect&quot;:{&quot;unit&quot;:&quot;px&quot;,&quot;size&quot;:0,&quot;sizes&quot;:[]},&quot;_transform_translateY_effect&quot;:{&quot;unit&quot;:&quot;px&quot;,&quot;size&quot;:115,&quot;sizes&quot;:[]},&quot;autoplay&quot;:&quot;yes&quot;,&quot;pause_on_hover&quot;:&quot;yes&quot;,&quot;pause_on_interaction&quot;:&quot;yes&quot;,&quot;infinite&quot;:&quot;yes&quot;,&quot;effect&quot;:&quot;slide&quot;,&quot;speed&quot;:500,&quot;_transform_translateX_effect_laptop&quot;:{&quot;unit&quot;:&quot;px&quot;,&quot;size&quot;:&quot;&quot;,&quot;sizes&quot;:[]},&quot;_transform_translateX_effect_tablet_extra&quot;:{&quot;unit&quot;:&quot;px&quot;,&quot;size&quot;:&quot;&quot;,&quot;sizes&quot;:[]},&quot;_transform_translateX_effect_tablet&quot;:{&quot;unit&quot;:&quot;px&quot;,&quot;size&quot;:&quot;&quot;,&quot;sizes&quot;:[]},&quot;_transform_translateX_effect_mobile_extra&quot;:{&quot;unit&quot;:&quot;px&quot;,&quot;size&quot;:&quot;&quot;,&quot;sizes&quot;:[]},&quot;_transform_translateX_effect_mobile&quot;:{&quot;unit&quot;:&quot;px&quot;,&quot;size&quot;:&quot;&quot;,&quot;sizes&quot;:[]},&quot;_transform_translateY_effect_laptop&quot;:{&quot;unit&quot;:&quot;px&quot;,&quot;size&quot;:&quot;&quot;,&quot;sizes&quot;:[]},&quot;_transform_translateY_effect_tablet_extra&quot;:{&quot;unit&quot;:&quot;px&quot;,&quot;size&quot;:&quot;&quot;,&quot;sizes&quot;:[]},&quot;_transform_translateY_effect_tablet&quot;:{&quot;unit&quot;:&quot;px&quot;,&quot;size&quot;:&quot;&quot;,&quot;sizes&quot;:[]},&quot;_transform_translateY_effect_mobile_extra&quot;:{&quot;unit&quot;:&quot;px&quot;,&quot;size&quot;:&quot;&quot;,&quot;sizes&quot;:[]},&quot;_transform_translateY_effect_mobile&quot;:{&quot;unit&quot;:&quot;px&quot;,&quot;size&quot;:&quot;&quot;,&quot;sizes&quot;:[]}}\" data-widget_type=\"image-carousel.default\">\n\t\t\t\t\t\t\t<div class=\"elementor-image-carousel-wrapper swiper\" role=\"region\" aria-roledescription=\"carousel\" aria-label=\"Carrusel de im\u00e1genes\" dir=\"ltr\">\n\t\t\t<div class=\"elementor-image-carousel swiper-wrapper\" aria-live=\"off\">\n\t\t\t\t\t\t\t\t<div class=\"swiper-slide\" role=\"group\" aria-roledescription=\"slide\" aria-label=\"1 de 1\"><figure class=\"swiper-slide-inner\"><img decoding=\"async\" class=\"swiper-slide-image\" src=\"https:\/\/afripick.com\/wp-content\/uploads\/2025\/09\/ripe-blackberries-woman-hands-sunny-green-garden-background-Photoroom.jpg\" alt=\"moras maduras-mujer-manos-fondo-jard\u00edn-verde-solado-fotograf\u00eda\" \/><\/figure><\/div>\t\t\t<\/div>\n\t\t\t\t\t<\/div>\n\t\t\t\t\t\t<\/div>\n\t\t\t\t<\/div>\r\n\t\t\t\t<\/div>\r\n\t\t\t\t<\/div>\r\n\t\t\t\t<\/div>\r\n\t\t\t\t<\/div>\r\n\t\t\t\t\t<\/div>\r\n\t\t\t\t<\/div>\r\n\t\t\t\t<\/div>","protected":false},"excerpt":{"rendered":"<p>Moras Nuestras moras De color p\u00farpura intenso, audaces por naturaleza. Atrevidas, ricas y rebosantes de sabor, las moras son un verdadero tesoro entre las bayas. Su profundo tono p\u00farpura y su equilibrio \u00fanico de dulzor y acidez las hacen deliciosas y vers\u00e1tiles. Repletas de vitaminas, antioxidantes y fibra, las moras son tan nutritivas como deliciosas. Desde disfrutarlas frescas hasta [...]<\/p>","protected":false},"author":1,"featured_media":0,"parent":0,"menu_order":0,"comment_status":"closed","ping_status":"closed","template":"","meta":{"_analytify_skip_tracking":false,"footnotes":""},"class_list":["post-11775","page","type-page","status-publish","hentry"],"yoast_head":"<!-- This site is optimized with the Yoast SEO Premium plugin v25.7.1 (Yoast SEO v25.7) - https:\/\/yoast.com\/wordpress\/plugins\/seo\/ -->\n<title>Blackberries - AFRIPICK<\/title>\n<meta name=\"description\" content=\"Savor the natural sweetness of fresh Moroccan blackberries with Afripick. Packed with antioxidants and flavor, our blackberries are grown with care and delivered fresh.\" \/>\n<meta name=\"robots\" content=\"index, follow, max-snippet:-1, max-image-preview:large, max-video-preview:-1\" \/>\n<link rel=\"canonical\" href=\"https:\/\/afripick.com\/es\/blackberries\/\" \/>\n<meta property=\"og:locale\" content=\"es_ES\" \/>\n<meta property=\"og:type\" content=\"article\" \/>\n<meta property=\"og:title\" content=\"Blackberries\" \/>\n<meta property=\"og:description\" content=\"Savor the natural sweetness of fresh Moroccan blackberries with Afripick. Packed with antioxidants and flavor, our blackberries are grown with care and delivered fresh.\" \/>\n<meta property=\"og:url\" content=\"https:\/\/afripick.com\/es\/blackberries\/\" \/>\n<meta property=\"og:site_name\" content=\"AFRIPICK\" \/>\n<meta property=\"article:modified_time\" content=\"2025-09-24T10:44:25+00:00\" \/>\n<meta property=\"og:image\" content=\"https:\/\/afripick.com\/wp-content\/uploads\/2025\/09\/ripe-blackberries-woman-hands-sunny-green-garden-background-Photoroom.jpg\" \/>\n<meta name=\"twitter:card\" content=\"summary_large_image\" \/>\n<meta name=\"twitter:label1\" content=\"Tiempo de lectura\" \/>\n\t<meta name=\"twitter:data1\" content=\"1 minuto\" \/>\n<script type=\"application\/ld+json\" class=\"yoast-schema-graph\">{\"@context\":\"https:\/\/schema.org\",\"@graph\":[{\"@type\":\"WebPage\",\"@id\":\"https:\/\/afripick.com\/en\/blackberries\/\",\"url\":\"https:\/\/afripick.com\/en\/blackberries\/\",\"name\":\"Blackberries - AFRIPICK\",\"isPartOf\":{\"@id\":\"https:\/\/afripick.com\/#website\"},\"primaryImageOfPage\":{\"@id\":\"https:\/\/afripick.com\/en\/blackberries\/#primaryimage\"},\"image\":{\"@id\":\"https:\/\/afripick.com\/en\/blackberries\/#primaryimage\"},\"thumbnailUrl\":\"https:\/\/afripick.com\/wp-content\/uploads\/2025\/09\/ripe-blackberries-woman-hands-sunny-green-garden-background-Photoroom.jpg\",\"datePublished\":\"2025-08-28T12:06:24+00:00\",\"dateModified\":\"2025-09-24T10:44:25+00:00\",\"description\":\"Savor the natural sweetness of fresh Moroccan blackberries with Afripick. Packed with antioxidants and flavor, our blackberries are grown with care and delivered fresh.\",\"breadcrumb\":{\"@id\":\"https:\/\/afripick.com\/en\/blackberries\/#breadcrumb\"},\"inLanguage\":\"es\",\"potentialAction\":[{\"@type\":\"ReadAction\",\"target\":[\"https:\/\/afripick.com\/en\/blackberries\/\"]}]},{\"@type\":\"ImageObject\",\"inLanguage\":\"es\",\"@id\":\"https:\/\/afripick.com\/en\/blackberries\/#primaryimage\",\"url\":\"https:\/\/afripick.com\/wp-content\/uploads\/2025\/09\/ripe-blackberries-woman-hands-sunny-green-garden-background-Photoroom.jpg\",\"contentUrl\":\"https:\/\/afripick.com\/wp-content\/uploads\/2025\/09\/ripe-blackberries-woman-hands-sunny-green-garden-background-Photoroom.jpg\"},{\"@type\":\"BreadcrumbList\",\"@id\":\"https:\/\/afripick.com\/en\/blackberries\/#breadcrumb\",\"itemListElement\":[{\"@type\":\"ListItem\",\"position\":1,\"name\":\"Home\",\"item\":\"https:\/\/afripick.com\/\"},{\"@type\":\"ListItem\",\"position\":2,\"name\":\"Blackberries\"}]},{\"@type\":\"WebSite\",\"@id\":\"https:\/\/afripick.com\/#website\",\"url\":\"https:\/\/afripick.com\/\",\"name\":\"AFRIPICK\",\"description\":\"AFRIPICK\",\"publisher\":{\"@id\":\"https:\/\/afripick.com\/#organization\"},\"potentialAction\":[{\"@type\":\"SearchAction\",\"target\":{\"@type\":\"EntryPoint\",\"urlTemplate\":\"https:\/\/afripick.com\/?s={search_term_string}\"},\"query-input\":{\"@type\":\"PropertyValueSpecification\",\"valueRequired\":true,\"valueName\":\"search_term_string\"}}],\"inLanguage\":\"es\"},{\"@type\":\"Organization\",\"@id\":\"https:\/\/afripick.com\/#organization\",\"name\":\"AFRIPICK\",\"url\":\"https:\/\/afripick.com\/\",\"logo\":{\"@type\":\"ImageObject\",\"inLanguage\":\"es\",\"@id\":\"https:\/\/afripick.com\/#\/schema\/logo\/image\/\",\"url\":\"https:\/\/afripick.com\/wp-content\/uploads\/2025\/07\/cropped-A1ssss.png\",\"contentUrl\":\"https:\/\/afripick.com\/wp-content\/uploads\/2025\/07\/cropped-A1ssss.png\",\"width\":1998,\"height\":1998,\"caption\":\"AFRIPICK\"},\"image\":{\"@id\":\"https:\/\/afripick.com\/#\/schema\/logo\/image\/\"}}]}<\/script>\n<!-- \/ Yoast SEO Premium plugin. -->","yoast_head_json":{"title":"Moras - AFRIPICK","description":"Saboree la dulzura natural de las moras marroqu\u00edes frescas con Afripick. Repletas de antioxidantes y sabor, nuestras moras se cultivan con esmero y se entregan frescas.","robots":{"index":"index","follow":"follow","max-snippet":"max-snippet:-1","max-image-preview":"max-image-preview:large","max-video-preview":"max-video-preview:-1"},"canonical":"https:\/\/afripick.com\/es\/blackberries\/","og_locale":"es_ES","og_type":"article","og_title":"Blackberries","og_description":"Savor the natural sweetness of fresh Moroccan blackberries with Afripick. Packed with antioxidants and flavor, our blackberries are grown with care and delivered fresh.","og_url":"https:\/\/afripick.com\/es\/blackberries\/","og_site_name":"AFRIPICK","article_modified_time":"2025-09-24T10:44:25+00:00","og_image":[{"url":"https:\/\/afripick.com\/wp-content\/uploads\/2025\/09\/ripe-blackberries-woman-hands-sunny-green-garden-background-Photoroom.jpg","type":"","width":"","height":""}],"twitter_card":"summary_large_image","twitter_misc":{"Tiempo de lectura":"1 minuto"},"schema":{"@context":"https:\/\/schema.org","@graph":[{"@type":"WebPage","@id":"https:\/\/afripick.com\/en\/blackberries\/","url":"https:\/\/afripick.com\/en\/blackberries\/","name":"Moras - AFRIPICK","isPartOf":{"@id":"https:\/\/afripick.com\/#website"},"primaryImageOfPage":{"@id":"https:\/\/afripick.com\/en\/blackberries\/#primaryimage"},"image":{"@id":"https:\/\/afripick.com\/en\/blackberries\/#primaryimage"},"thumbnailUrl":"https:\/\/afripick.com\/wp-content\/uploads\/2025\/09\/ripe-blackberries-woman-hands-sunny-green-garden-background-Photoroom.jpg","datePublished":"2025-08-28T12:06:24+00:00","dateModified":"2025-09-24T10:44:25+00:00","description":"Saboree la dulzura natural de las moras marroqu\u00edes frescas con Afripick. Repletas de antioxidantes y sabor, nuestras moras se cultivan con esmero y se entregan frescas.","breadcrumb":{"@id":"https:\/\/afripick.com\/en\/blackberries\/#breadcrumb"},"inLanguage":"es","potentialAction":[{"@type":"ReadAction","target":["https:\/\/afripick.com\/en\/blackberries\/"]}]},{"@type":"ImageObject","inLanguage":"es","@id":"https:\/\/afripick.com\/en\/blackberries\/#primaryimage","url":"https:\/\/afripick.com\/wp-content\/uploads\/2025\/09\/ripe-blackberries-woman-hands-sunny-green-garden-background-Photoroom.jpg","contentUrl":"https:\/\/afripick.com\/wp-content\/uploads\/2025\/09\/ripe-blackberries-woman-hands-sunny-green-garden-background-Photoroom.jpg"},{"@type":"BreadcrumbList","@id":"https:\/\/afripick.com\/en\/blackberries\/#breadcrumb","itemListElement":[{"@type":"ListItem","position":1,"name":"Home","item":"https:\/\/afripick.com\/"},{"@type":"ListItem","position":2,"name":"Blackberries"}]},{"@type":"WebSite","@id":"https:\/\/afripick.com\/#website","url":"https:\/\/afripick.com\/","name":"AFRIPICK","description":"AFRIPICK","publisher":{"@id":"https:\/\/afripick.com\/#organization"},"potentialAction":[{"@type":"SearchAction","target":{"@type":"EntryPoint","urlTemplate":"https:\/\/afripick.com\/?s={search_term_string}"},"query-input":{"@type":"PropertyValueSpecification","valueRequired":true,"valueName":"search_term_string"}}],"inLanguage":"es"},{"@type":"Organization","@id":"https:\/\/afripick.com\/#organization","name":"AFRIPICK","url":"https:\/\/afripick.com\/","logo":{"@type":"ImageObject","inLanguage":"es","@id":"https:\/\/afripick.com\/#\/schema\/logo\/image\/","url":"https:\/\/afripick.com\/wp-content\/uploads\/2025\/07\/cropped-A1ssss.png","contentUrl":"https:\/\/afripick.com\/wp-content\/uploads\/2025\/07\/cropped-A1ssss.png","width":1998,"height":1998,"caption":"AFRIPICK"},"image":{"@id":"https:\/\/afripick.com\/#\/schema\/logo\/image\/"}}]}},"_links":{"self":[{"href":"https:\/\/afripick.com\/es\/wp-json\/wp\/v2\/pages\/11775","targetHints":{"allow":["GET"]}}],"collection":[{"href":"https:\/\/afripick.com\/es\/wp-json\/wp\/v2\/pages"}],"about":[{"href":"https:\/\/afripick.com\/es\/wp-json\/wp\/v2\/types\/page"}],"author":[{"embeddable":true,"href":"https:\/\/afripick.com\/es\/wp-json\/wp\/v2\/users\/1"}],"replies":[{"embeddable":true,"href":"https:\/\/afripick.com\/es\/wp-json\/wp\/v2\/comments?post=11775"}],"version-history":[{"count":74,"href":"https:\/\/afripick.com\/es\/wp-json\/wp\/v2\/pages\/11775\/revisions"}],"predecessor-version":[{"id":12805,"href":"https:\/\/afripick.com\/es\/wp-json\/wp\/v2\/pages\/11775\/revisions\/12805"}],"wp:attachment":[{"href":"https:\/\/afripick.com\/es\/wp-json\/wp\/v2\/media?parent=11775"}],"curies":[{"name":"wp","href":"https:\/\/api.w.org\/{rel}","templated":true}]}}