{"id":12004,"date":"2025-08-30T12:19:42","date_gmt":"2025-08-30T12:19:42","guid":{"rendered":"https:\/\/afripick.com\/?page_id=12004"},"modified":"2026-04-15T10:45:14","modified_gmt":"2026-04-15T10:45:14","slug":"avocado","status":"publish","type":"page","link":"https:\/\/afripick.com\/es\/avocado\/","title":{"rendered":"Aguacate"},"content":{"rendered":"<div data-elementor-type=\"wp-page\" data-elementor-id=\"12004\" class=\"elementor elementor-12004\" data-elementor-post-type=\"page\">\n\t\t\t\t<div class=\"elementor-element elementor-element-07492d6 e-flex e-con-boxed e-con e-parent\" data-id=\"07492d6\" data-element_type=\"container\" data-settings=\"{&quot;background_background&quot;:&quot;video&quot;,&quot;background_video_link&quot;:&quot;https:\\\/\\\/afripick.com\\\/wp-content\\\/uploads\\\/2025\\\/08\\\/WhatsApp-Video-2025-08-30-at-15.50.23.mp4&quot;}\">\t\t\t<div class=\"e-con-inner\">\r\n\t\t<div class=\"elementor-background-video-container elementor-hidden-mobile\">\n\t\t\t\t\t\t\t<video class=\"elementor-background-video-hosted\" autoplay muted playsinline loop><\/video>\n\t\t\t\t\t<\/div>\t\t<div class=\"elementor-element elementor-element-5059594 elementor-widget elementor-widget-pxl_heading\" data-id=\"5059594\" data-element_type=\"widget\" data-widget_type=\"pxl_heading.default\">\n\t\t\t\t<div class=\"elementor-widget-container\">\n\t\t\t\t\t<div class=\"pxl-heading\">\n\t<div class=\"pxl-heading--inner\">\n\t\t\t\t<h1 class=\"pxl-item--title divider-none wow flipInX  style1\" data-wow-delay=\"200ms\" data-wow-duration=\"1.5s\">\n\t\t\tAguacate\t\t<\/h1>\n\t<\/div>\n<\/div>\t\t\t\t<\/div>\n\t\t\t\t<\/div>\n\t\t\t\t\t<\/div>\r\n\t\t\t\t<\/div>\r\n\t\t<div class=\"elementor-element elementor-element-976768a e-flex e-con-boxed e-con e-parent\" data-id=\"976768a\" data-element_type=\"container\">\t\t\t<div class=\"e-con-inner\">\r\n\t\t<div class=\"elementor-element elementor-element-8fbafbe e-con-full e-flex e-con e-child\" data-id=\"8fbafbe\" data-element_type=\"container\"><div class=\"elementor-element elementor-element-6375c00 e-con-full e-flex e-con e-child\" data-id=\"6375c00\" data-element_type=\"container\"><div class=\"elementor-element elementor-element-a6fe749 e-con-full e-flex e-con e-child\" data-id=\"a6fe749\" data-element_type=\"container\"><div class=\"elementor-element elementor-element-5206152 e-con-full e-flex e-con e-child\" data-id=\"5206152\" data-element_type=\"container\">\t\t<div class=\"elementor-element elementor-element-1ae657d elementor-align-left elementor-widget elementor-widget-lottie\" data-id=\"1ae657d\" data-element_type=\"widget\" data-settings=\"{&quot;source_json&quot;:{&quot;url&quot;:&quot;https:\\\/\\\/afripick.com\\\/wp-content\\\/uploads\\\/2025\\\/08\\\/cranberries_16060005.json&quot;,&quot;id&quot;:11668,&quot;size&quot;:&quot;&quot;,&quot;alt&quot;:&quot;&quot;,&quot;source&quot;:&quot;library&quot;},&quot;source&quot;:&quot;media_file&quot;,&quot;caption_source&quot;:&quot;none&quot;,&quot;link_to&quot;:&quot;none&quot;,&quot;trigger&quot;:&quot;arriving_to_viewport&quot;,&quot;viewport&quot;:{&quot;unit&quot;:&quot;%&quot;,&quot;size&quot;:&quot;&quot;,&quot;sizes&quot;:{&quot;start&quot;:0,&quot;end&quot;:100}},&quot;play_speed&quot;:{&quot;unit&quot;:&quot;px&quot;,&quot;size&quot;:1,&quot;sizes&quot;:[]},&quot;start_point&quot;:{&quot;unit&quot;:&quot;%&quot;,&quot;size&quot;:0,&quot;sizes&quot;:[]},&quot;end_point&quot;:{&quot;unit&quot;:&quot;%&quot;,&quot;size&quot;:100,&quot;sizes&quot;:[]},&quot;renderer&quot;:&quot;svg&quot;}\" data-widget_type=\"lottie.default\">\n\t\t\t\t\t<div class=\"e-lottie__container\"><div class=\"e-lottie__animation\"><\/div><\/div>\t\t\t\t<\/div>\n\t\t\t\t<div class=\"elementor-element elementor-element-6f90824 e-transform elementor-widget elementor-widget-pxl_heading\" data-id=\"6f90824\" data-element_type=\"widget\" data-settings=\"{&quot;_transform_translateX_effect&quot;:{&quot;unit&quot;:&quot;px&quot;,&quot;size&quot;:9,&quot;sizes&quot;:[]},&quot;_transform_translateX_effect_laptop&quot;:{&quot;unit&quot;:&quot;px&quot;,&quot;size&quot;:&quot;&quot;,&quot;sizes&quot;:[]},&quot;_transform_translateX_effect_tablet_extra&quot;:{&quot;unit&quot;:&quot;px&quot;,&quot;size&quot;:&quot;&quot;,&quot;sizes&quot;:[]},&quot;_transform_translateX_effect_tablet&quot;:{&quot;unit&quot;:&quot;px&quot;,&quot;size&quot;:&quot;&quot;,&quot;sizes&quot;:[]},&quot;_transform_translateX_effect_mobile_extra&quot;:{&quot;unit&quot;:&quot;px&quot;,&quot;size&quot;:&quot;&quot;,&quot;sizes&quot;:[]},&quot;_transform_translateX_effect_mobile&quot;:{&quot;unit&quot;:&quot;px&quot;,&quot;size&quot;:&quot;&quot;,&quot;sizes&quot;:[]},&quot;_transform_translateY_effect&quot;:{&quot;unit&quot;:&quot;px&quot;,&quot;size&quot;:&quot;&quot;,&quot;sizes&quot;:[]},&quot;_transform_translateY_effect_laptop&quot;:{&quot;unit&quot;:&quot;px&quot;,&quot;size&quot;:&quot;&quot;,&quot;sizes&quot;:[]},&quot;_transform_translateY_effect_tablet_extra&quot;:{&quot;unit&quot;:&quot;px&quot;,&quot;size&quot;:&quot;&quot;,&quot;sizes&quot;:[]},&quot;_transform_translateY_effect_tablet&quot;:{&quot;unit&quot;:&quot;px&quot;,&quot;size&quot;:&quot;&quot;,&quot;sizes&quot;:[]},&quot;_transform_translateY_effect_mobile_extra&quot;:{&quot;unit&quot;:&quot;px&quot;,&quot;size&quot;:&quot;&quot;,&quot;sizes&quot;:[]},&quot;_transform_translateY_effect_mobile&quot;:{&quot;unit&quot;:&quot;px&quot;,&quot;size&quot;:&quot;&quot;,&quot;sizes&quot;:[]}}\" data-widget_type=\"pxl_heading.default\">\n\t\t\t\t<div class=\"elementor-widget-container\">\n\t\t\t\t\t<div class=\"pxl-heading\">\n\t<div class=\"pxl-heading--inner\">\n\t\t\t\t\t<div class=\"pxl-item--subtitle\" data-wow-delay=\"ms\" data-wow-duration=\"1.2s\"><span>Nuestro aguacate<\/span><\/div>\n\t\t\t\t<h3 class=\"pxl-item--title divider-none   style1\" data-wow-delay=\"ms\" data-wow-duration=\"1.2s\">\n\t\t\tVerde intenso, naturalmente cremoso.\t\t<\/h3>\n\t<\/div>\n<\/div>\t\t\t\t<\/div>\n\t\t\t\t<\/div>\n\t\t<div class=\"elementor-element elementor-element-e3201b2 e-con-full e-flex e-con e-child\" data-id=\"e3201b2\" data-element_type=\"container\">\t\t<div class=\"elementor-element elementor-element-88ac8c0 e-transform elementor-widget elementor-widget-pxl_text_editor\" data-id=\"88ac8c0\" data-element_type=\"widget\" data-settings=\"{&quot;_transform_translateX_effect&quot;:{&quot;unit&quot;:&quot;px&quot;,&quot;size&quot;:-1,&quot;sizes&quot;:[]},&quot;_transform_translateY_effect&quot;:{&quot;unit&quot;:&quot;px&quot;,&quot;size&quot;:-4,&quot;sizes&quot;:[]},&quot;_transform_translateX_effect_laptop&quot;:{&quot;unit&quot;:&quot;px&quot;,&quot;size&quot;:&quot;&quot;,&quot;sizes&quot;:[]},&quot;_transform_translateX_effect_tablet_extra&quot;:{&quot;unit&quot;:&quot;px&quot;,&quot;size&quot;:&quot;&quot;,&quot;sizes&quot;:[]},&quot;_transform_translateX_effect_tablet&quot;:{&quot;unit&quot;:&quot;px&quot;,&quot;size&quot;:&quot;&quot;,&quot;sizes&quot;:[]},&quot;_transform_translateX_effect_mobile_extra&quot;:{&quot;unit&quot;:&quot;px&quot;,&quot;size&quot;:&quot;&quot;,&quot;sizes&quot;:[]},&quot;_transform_translateX_effect_mobile&quot;:{&quot;unit&quot;:&quot;px&quot;,&quot;size&quot;:&quot;&quot;,&quot;sizes&quot;:[]},&quot;_transform_translateY_effect_laptop&quot;:{&quot;unit&quot;:&quot;px&quot;,&quot;size&quot;:&quot;&quot;,&quot;sizes&quot;:[]},&quot;_transform_translateY_effect_tablet_extra&quot;:{&quot;unit&quot;:&quot;px&quot;,&quot;size&quot;:&quot;&quot;,&quot;sizes&quot;:[]},&quot;_transform_translateY_effect_tablet&quot;:{&quot;unit&quot;:&quot;px&quot;,&quot;size&quot;:&quot;&quot;,&quot;sizes&quot;:[]},&quot;_transform_translateY_effect_mobile_extra&quot;:{&quot;unit&quot;:&quot;px&quot;,&quot;size&quot;:&quot;&quot;,&quot;sizes&quot;:[]},&quot;_transform_translateY_effect_mobile&quot;:{&quot;unit&quot;:&quot;px&quot;,&quot;size&quot;:&quot;&quot;,&quot;sizes&quot;:[]}}\" data-widget_type=\"pxl_text_editor.default\">\n\t\t\t\t<div class=\"elementor-widget-container\">\n\t\t\t\t\t<div class=\"pxl-text-editor wow flash\" data-wow-delay=\"ms\" data-wow-duration=\"1.2s\">\n\t<div class=\"pxl-item--inner\">\n\t\t<p data-start=\"116\" data-end=\"453\">Cremosos, nutritivos e irresistiblemente vers\u00e1tiles, los aguacates se han convertido en una de las frutas favoritas en todo el mundo. Con su rica pulpa verde y su textura mantecosa, aportan sabor y nutrientes a todas las comidas. Repletos de grasas saludables, vitaminas y minerales, los aguacates no s\u00f3lo son deliciosos, sino tambi\u00e9n una fuente natural de energ\u00eda y bienestar.<\/p><p data-start=\"455\" data-end=\"719\">Desde ensaladas frescas a creaciones gourmet, los aguacates brillan de innumerables maneras: machacados en guacamole, cortados en tostadas, mezclados en batidos o a\u00f1adidos a platos salados. Su sabor \u00fanico y su consistencia cremosa los convierten en un ingrediente esencial en todas las cocinas.<\/p><p data-start=\"721\" data-end=\"993\">En Afripick, suministramos aguacates marroqu\u00edes de primera calidad, cultivados y cosechados cuidadosamente para garantizar una frescura, sabor y consistencia excepcionales para los mercados internacionales. Cada aguacate refleja nuestra dedicaci\u00f3n a la excelencia y nuestra pasi\u00f3n por los productos sanos y naturales.<\/p>\t<\/div>\n<\/div>\n\t\t\t\t<\/div>\n\t\t\t\t<\/div>\n\t\t\t\t<\/div>\r\n\t\t\t\t<\/div>\r\n\t\t<div class=\"elementor-element elementor-element-5c81246 e-con-full e-flex e-con e-child\" data-id=\"5c81246\" data-element_type=\"container\"><div class=\"elementor-element elementor-element-8f74aab e-con-full e-flex e-con e-child\" data-id=\"8f74aab\" data-element_type=\"container\">\t\t<div class=\"elementor-element elementor-element-9d3b538 e-transform elementor-widget elementor-widget-image-carousel\" data-id=\"9d3b538\" data-element_type=\"widget\" data-settings=\"{&quot;slides_to_show&quot;:&quot;1&quot;,&quot;navigation&quot;:&quot;none&quot;,&quot;autoplay_speed&quot;:1000,&quot;_transform_translateY_effect&quot;:{&quot;unit&quot;:&quot;px&quot;,&quot;size&quot;:117,&quot;sizes&quot;:[]},&quot;autoplay&quot;:&quot;yes&quot;,&quot;pause_on_hover&quot;:&quot;yes&quot;,&quot;pause_on_interaction&quot;:&quot;yes&quot;,&quot;infinite&quot;:&quot;yes&quot;,&quot;effect&quot;:&quot;slide&quot;,&quot;speed&quot;:500,&quot;_transform_translateX_effect&quot;:{&quot;unit&quot;:&quot;px&quot;,&quot;size&quot;:&quot;&quot;,&quot;sizes&quot;:[]},&quot;_transform_translateX_effect_laptop&quot;:{&quot;unit&quot;:&quot;px&quot;,&quot;size&quot;:&quot;&quot;,&quot;sizes&quot;:[]},&quot;_transform_translateX_effect_tablet_extra&quot;:{&quot;unit&quot;:&quot;px&quot;,&quot;size&quot;:&quot;&quot;,&quot;sizes&quot;:[]},&quot;_transform_translateX_effect_tablet&quot;:{&quot;unit&quot;:&quot;px&quot;,&quot;size&quot;:&quot;&quot;,&quot;sizes&quot;:[]},&quot;_transform_translateX_effect_mobile_extra&quot;:{&quot;unit&quot;:&quot;px&quot;,&quot;size&quot;:&quot;&quot;,&quot;sizes&quot;:[]},&quot;_transform_translateX_effect_mobile&quot;:{&quot;unit&quot;:&quot;px&quot;,&quot;size&quot;:&quot;&quot;,&quot;sizes&quot;:[]},&quot;_transform_translateY_effect_laptop&quot;:{&quot;unit&quot;:&quot;px&quot;,&quot;size&quot;:&quot;&quot;,&quot;sizes&quot;:[]},&quot;_transform_translateY_effect_tablet_extra&quot;:{&quot;unit&quot;:&quot;px&quot;,&quot;size&quot;:&quot;&quot;,&quot;sizes&quot;:[]},&quot;_transform_translateY_effect_tablet&quot;:{&quot;unit&quot;:&quot;px&quot;,&quot;size&quot;:&quot;&quot;,&quot;sizes&quot;:[]},&quot;_transform_translateY_effect_mobile_extra&quot;:{&quot;unit&quot;:&quot;px&quot;,&quot;size&quot;:&quot;&quot;,&quot;sizes&quot;:[]},&quot;_transform_translateY_effect_mobile&quot;:{&quot;unit&quot;:&quot;px&quot;,&quot;size&quot;:&quot;&quot;,&quot;sizes&quot;:[]}}\" data-widget_type=\"image-carousel.default\">\n\t\t\t\t\t\t\t<div class=\"elementor-image-carousel-wrapper swiper\" role=\"region\" aria-roledescription=\"carousel\" aria-label=\"Carrusel de im\u00e1genes\" dir=\"ltr\">\n\t\t\t<div class=\"elementor-image-carousel swiper-wrapper\" aria-live=\"off\">\n\t\t\t\t\t\t\t\t<div class=\"swiper-slide\" role=\"group\" aria-roledescription=\"slide\" aria-label=\"1 de 1\"><figure class=\"swiper-slide-inner\"><img decoding=\"async\" class=\"swiper-slide-image\" src=\"https:\/\/afripick.com\/wp-content\/uploads\/2025\/09\/close-up-fruits-growing-tree-Photoroom.jpg\" alt=\"primer plano-\u00e1rbol-frutal-Photoroom\" \/><\/figure><\/div>\t\t\t<\/div>\n\t\t\t\t\t<\/div>\n\t\t\t\t\t\t<\/div>\n\t\t\t\t<\/div>\r\n\t\t\t\t<\/div>\r\n\t\t\t\t<\/div>\r\n\t\t\t\t<\/div>\r\n\t\t\t\t<\/div>\r\n\t\t\t\t\t<\/div>\r\n\t\t\t\t<\/div>\r\n\t\t<div class=\"elementor-element elementor-element-32d51a3 e-flex e-con-boxed e-con e-parent\" data-id=\"32d51a3\" data-element_type=\"container\">\t\t\t<div class=\"e-con-inner\">\r\n\t\t\t\t<div class=\"elementor-element elementor-element-c4795a2 elementor-widget elementor-widget-spacer\" data-id=\"c4795a2\" data-element_type=\"widget\" data-widget_type=\"spacer.default\">\n\t\t\t\t\t\t\t<div class=\"elementor-spacer\">\n\t\t\t<div class=\"elementor-spacer-inner\"><\/div>\n\t\t<\/div>\n\t\t\t\t\t\t<\/div>\n\t\t\t\t\t<\/div>\r\n\t\t\t\t<\/div>\r\n\t\t\t\t<\/div>","protected":false},"excerpt":{"rendered":"<p>Avocado Our Avocado Rich green, naturally creamy. Creamy, nutritious, and irresistibly versatile, avocados have become a favorite fruit worldwide. With their rich green flesh and buttery texture, they bring both flavor and nourishment to every meal. Packed with healthy fats, vitamins, and minerals, avocados are not only delicious but also a natural source of energy [&hellip;]<\/p>","protected":false},"author":1,"featured_media":0,"parent":0,"menu_order":0,"comment_status":"closed","ping_status":"closed","template":"","meta":{"_analytify_skip_tracking":false,"footnotes":""},"class_list":["post-12004","page","type-page","status-publish","hentry"],"yoast_head":"<!-- This site is optimized with the Yoast SEO Premium plugin v25.7.1 (Yoast SEO v25.7) - https:\/\/yoast.com\/wordpress\/plugins\/seo\/ -->\n<title>Avocado - AFRIPICK<\/title>\n<meta name=\"description\" content=\"Enjoy the rich taste and health benefits of fresh Moroccan avocado with Afripick. Sourced sustainably, our avocados deliver quality, nutrition, and unmatched freshness.\" \/>\n<meta name=\"robots\" content=\"index, follow, max-snippet:-1, max-image-preview:large, max-video-preview:-1\" \/>\n<link rel=\"canonical\" href=\"https:\/\/afripick.com\/es\/avocado\/\" \/>\n<meta property=\"og:locale\" content=\"es_ES\" \/>\n<meta property=\"og:type\" content=\"article\" \/>\n<meta property=\"og:title\" content=\"Avocado\" \/>\n<meta property=\"og:description\" content=\"Enjoy the rich taste and health benefits of fresh Moroccan avocado with Afripick. Sourced sustainably, our avocados deliver quality, nutrition, and unmatched freshness.\" \/>\n<meta property=\"og:url\" content=\"https:\/\/afripick.com\/es\/avocado\/\" \/>\n<meta property=\"og:site_name\" content=\"AFRIPICK\" \/>\n<meta property=\"article:modified_time\" content=\"2026-04-15T10:45:14+00:00\" \/>\n<meta property=\"og:image\" content=\"https:\/\/afripick.com\/wp-content\/uploads\/2025\/09\/close-up-fruits-growing-tree-Photoroom.jpg\" \/>\n<meta name=\"twitter:card\" content=\"summary_large_image\" \/>\n<meta name=\"twitter:label1\" content=\"Tiempo de lectura\" \/>\n\t<meta name=\"twitter:data1\" content=\"1 minuto\" \/>\n<script type=\"application\/ld+json\" class=\"yoast-schema-graph\">{\"@context\":\"https:\/\/schema.org\",\"@graph\":[{\"@type\":\"WebPage\",\"@id\":\"https:\/\/afripick.com\/avocado\/\",\"url\":\"https:\/\/afripick.com\/avocado\/\",\"name\":\"Avocado - AFRIPICK\",\"isPartOf\":{\"@id\":\"https:\/\/afripick.com\/#website\"},\"primaryImageOfPage\":{\"@id\":\"https:\/\/afripick.com\/avocado\/#primaryimage\"},\"image\":{\"@id\":\"https:\/\/afripick.com\/avocado\/#primaryimage\"},\"thumbnailUrl\":\"https:\/\/afripick.com\/wp-content\/uploads\/2025\/09\/close-up-fruits-growing-tree-Photoroom.jpg\",\"datePublished\":\"2025-08-30T12:19:42+00:00\",\"dateModified\":\"2026-04-15T10:45:14+00:00\",\"description\":\"Enjoy the rich taste and health benefits of fresh Moroccan avocado with Afripick. Sourced sustainably, our avocados deliver quality, nutrition, and unmatched freshness.\",\"breadcrumb\":{\"@id\":\"https:\/\/afripick.com\/avocado\/#breadcrumb\"},\"inLanguage\":\"es\",\"potentialAction\":[{\"@type\":\"ReadAction\",\"target\":[\"https:\/\/afripick.com\/avocado\/\"]}]},{\"@type\":\"ImageObject\",\"inLanguage\":\"es\",\"@id\":\"https:\/\/afripick.com\/avocado\/#primaryimage\",\"url\":\"https:\/\/afripick.com\/wp-content\/uploads\/2025\/09\/close-up-fruits-growing-tree-Photoroom.jpg\",\"contentUrl\":\"https:\/\/afripick.com\/wp-content\/uploads\/2025\/09\/close-up-fruits-growing-tree-Photoroom.jpg\"},{\"@type\":\"BreadcrumbList\",\"@id\":\"https:\/\/afripick.com\/avocado\/#breadcrumb\",\"itemListElement\":[{\"@type\":\"ListItem\",\"position\":1,\"name\":\"Home\",\"item\":\"https:\/\/afripick.com\/\"},{\"@type\":\"ListItem\",\"position\":2,\"name\":\"Avocado\"}]},{\"@type\":\"WebSite\",\"@id\":\"https:\/\/afripick.com\/#website\",\"url\":\"https:\/\/afripick.com\/\",\"name\":\"AFRIPICK\",\"description\":\"AFRIPICK\",\"publisher\":{\"@id\":\"https:\/\/afripick.com\/#organization\"},\"potentialAction\":[{\"@type\":\"SearchAction\",\"target\":{\"@type\":\"EntryPoint\",\"urlTemplate\":\"https:\/\/afripick.com\/?s={search_term_string}\"},\"query-input\":{\"@type\":\"PropertyValueSpecification\",\"valueRequired\":true,\"valueName\":\"search_term_string\"}}],\"inLanguage\":\"es\"},{\"@type\":\"Organization\",\"@id\":\"https:\/\/afripick.com\/#organization\",\"name\":\"AFRIPICK\",\"url\":\"https:\/\/afripick.com\/\",\"logo\":{\"@type\":\"ImageObject\",\"inLanguage\":\"es\",\"@id\":\"https:\/\/afripick.com\/#\/schema\/logo\/image\/\",\"url\":\"https:\/\/afripick.com\/wp-content\/uploads\/2025\/07\/cropped-A1ssss.png\",\"contentUrl\":\"https:\/\/afripick.com\/wp-content\/uploads\/2025\/07\/cropped-A1ssss.png\",\"width\":1998,\"height\":1998,\"caption\":\"AFRIPICK\"},\"image\":{\"@id\":\"https:\/\/afripick.com\/#\/schema\/logo\/image\/\"}}]}<\/script>\n<!-- \/ Yoast SEO Premium plugin. -->","yoast_head_json":{"title":"Aguacate - AFRIPICK","description":"Disfrute del rico sabor y los beneficios para la salud del aguacate marroqu\u00ed fresco con Afripick. De origen sostenible, nuestros aguacates ofrecen calidad, nutrici\u00f3n y una frescura inigualable.","robots":{"index":"index","follow":"follow","max-snippet":"max-snippet:-1","max-image-preview":"max-image-preview:large","max-video-preview":"max-video-preview:-1"},"canonical":"https:\/\/afripick.com\/es\/avocado\/","og_locale":"es_ES","og_type":"article","og_title":"Avocado","og_description":"Enjoy the rich taste and health benefits of fresh Moroccan avocado with Afripick. Sourced sustainably, our avocados deliver quality, nutrition, and unmatched freshness.","og_url":"https:\/\/afripick.com\/es\/avocado\/","og_site_name":"AFRIPICK","article_modified_time":"2026-04-15T10:45:14+00:00","og_image":[{"url":"https:\/\/afripick.com\/wp-content\/uploads\/2025\/09\/close-up-fruits-growing-tree-Photoroom.jpg","type":"","width":"","height":""}],"twitter_card":"summary_large_image","twitter_misc":{"Tiempo de lectura":"1 minuto"},"schema":{"@context":"https:\/\/schema.org","@graph":[{"@type":"WebPage","@id":"https:\/\/afripick.com\/avocado\/","url":"https:\/\/afripick.com\/avocado\/","name":"Aguacate - AFRIPICK","isPartOf":{"@id":"https:\/\/afripick.com\/#website"},"primaryImageOfPage":{"@id":"https:\/\/afripick.com\/avocado\/#primaryimage"},"image":{"@id":"https:\/\/afripick.com\/avocado\/#primaryimage"},"thumbnailUrl":"https:\/\/afripick.com\/wp-content\/uploads\/2025\/09\/close-up-fruits-growing-tree-Photoroom.jpg","datePublished":"2025-08-30T12:19:42+00:00","dateModified":"2026-04-15T10:45:14+00:00","description":"Disfrute del rico sabor y los beneficios para la salud del aguacate marroqu\u00ed fresco con Afripick. De origen sostenible, nuestros aguacates ofrecen calidad, nutrici\u00f3n y una frescura inigualable.","breadcrumb":{"@id":"https:\/\/afripick.com\/avocado\/#breadcrumb"},"inLanguage":"es","potentialAction":[{"@type":"ReadAction","target":["https:\/\/afripick.com\/avocado\/"]}]},{"@type":"ImageObject","inLanguage":"es","@id":"https:\/\/afripick.com\/avocado\/#primaryimage","url":"https:\/\/afripick.com\/wp-content\/uploads\/2025\/09\/close-up-fruits-growing-tree-Photoroom.jpg","contentUrl":"https:\/\/afripick.com\/wp-content\/uploads\/2025\/09\/close-up-fruits-growing-tree-Photoroom.jpg"},{"@type":"BreadcrumbList","@id":"https:\/\/afripick.com\/avocado\/#breadcrumb","itemListElement":[{"@type":"ListItem","position":1,"name":"Home","item":"https:\/\/afripick.com\/"},{"@type":"ListItem","position":2,"name":"Avocado"}]},{"@type":"WebSite","@id":"https:\/\/afripick.com\/#website","url":"https:\/\/afripick.com\/","name":"AFRIPICK","description":"AFRIPICK","publisher":{"@id":"https:\/\/afripick.com\/#organization"},"potentialAction":[{"@type":"SearchAction","target":{"@type":"EntryPoint","urlTemplate":"https:\/\/afripick.com\/?s={search_term_string}"},"query-input":{"@type":"PropertyValueSpecification","valueRequired":true,"valueName":"search_term_string"}}],"inLanguage":"es"},{"@type":"Organization","@id":"https:\/\/afripick.com\/#organization","name":"AFRIPICK","url":"https:\/\/afripick.com\/","logo":{"@type":"ImageObject","inLanguage":"es","@id":"https:\/\/afripick.com\/#\/schema\/logo\/image\/","url":"https:\/\/afripick.com\/wp-content\/uploads\/2025\/07\/cropped-A1ssss.png","contentUrl":"https:\/\/afripick.com\/wp-content\/uploads\/2025\/07\/cropped-A1ssss.png","width":1998,"height":1998,"caption":"AFRIPICK"},"image":{"@id":"https:\/\/afripick.com\/#\/schema\/logo\/image\/"}}]}},"_links":{"self":[{"href":"https:\/\/afripick.com\/es\/wp-json\/wp\/v2\/pages\/12004","targetHints":{"allow":["GET"]}}],"collection":[{"href":"https:\/\/afripick.com\/es\/wp-json\/wp\/v2\/pages"}],"about":[{"href":"https:\/\/afripick.com\/es\/wp-json\/wp\/v2\/types\/page"}],"author":[{"embeddable":true,"href":"https:\/\/afripick.com\/es\/wp-json\/wp\/v2\/users\/1"}],"replies":[{"embeddable":true,"href":"https:\/\/afripick.com\/es\/wp-json\/wp\/v2\/comments?post=12004"}],"version-history":[{"count":66,"href":"https:\/\/afripick.com\/es\/wp-json\/wp\/v2\/pages\/12004\/revisions"}],"predecessor-version":[{"id":13026,"href":"https:\/\/afripick.com\/es\/wp-json\/wp\/v2\/pages\/12004\/revisions\/13026"}],"wp:attachment":[{"href":"https:\/\/afripick.com\/es\/wp-json\/wp\/v2\/media?parent=12004"}],"curies":[{"name":"wp","href":"https:\/\/api.w.org\/{rel}","templated":true}]}}