{"id":1453,"date":"2022-12-21T01:30:34","date_gmt":"2022-12-21T01:30:34","guid":{"rendered":"http:\/\/localhost\/agria\/?page_id=1453"},"modified":"2026-03-07T14:36:05","modified_gmt":"2026-03-07T14:36:05","slug":"blog-grid","status":"publish","type":"page","link":"https:\/\/afripick.com\/es\/blog-grid\/","title":{"rendered":"Red de blogs"},"content":{"rendered":"<div data-elementor-type=\"wp-page\" data-elementor-id=\"1453\" class=\"elementor elementor-1453\" data-elementor-post-type=\"page\">\n\t\t\t\t<div class=\"elementor-element elementor-element-f5d28be e-flex e-con-boxed e-con e-parent\" data-id=\"f5d28be\" data-element_type=\"container\" data-settings=\"{&quot;background_background&quot;:&quot;video&quot;,&quot;background_video_link&quot;:&quot;https:\\\/\\\/afripick.com\\\/wp-content\\\/uploads\\\/2025\\\/09\\\/afripick.mp4&quot;}\">\t\t\t<div class=\"e-con-inner\">\r\n\t\t<div class=\"elementor-background-video-container elementor-hidden-mobile\">\n\t\t\t\t\t\t\t<video class=\"elementor-background-video-hosted\" autoplay muted playsinline loop><\/video>\n\t\t\t\t\t<\/div>\t\t<div class=\"elementor-element elementor-element-6b0a43e elementor-widget elementor-widget-pxl_heading\" data-id=\"6b0a43e\" data-element_type=\"widget\" data-widget_type=\"pxl_heading.default\">\n\t\t\t\t<div class=\"elementor-widget-container\">\n\t\t\t\t\t<div class=\"pxl-heading\">\n\t<div class=\"pxl-heading--inner\">\n\t\t\t\t<h1 class=\"pxl-item--title divider-none wow flipInX  style1\" data-wow-delay=\"200ms\" data-wow-duration=\"1.5s\">\n\t\t\tBlog\t\t<\/h1>\n\t<\/div>\n<\/div>\t\t\t\t<\/div>\n\t\t\t\t<\/div>\n\t\t\t\t\t<\/div>\r\n\t\t\t\t<\/div>\r\n\t\t<div class=\"elementor-element elementor-element-2ddea1d e-flex e-con-boxed e-con e-parent\" data-id=\"2ddea1d\" data-element_type=\"container\">\t\t\t<div class=\"e-con-inner\">\r\n\t\t\t\t<div class=\"elementor-element elementor-element-adcee15 elementor-widget-divider--view-line elementor-widget elementor-widget-divider\" data-id=\"adcee15\" data-element_type=\"widget\" data-widget_type=\"divider.default\">\n\t\t\t\t\t\t\t<div class=\"elementor-divider\">\n\t\t\t<span class=\"elementor-divider-separator\">\n\t\t\t\t\t\t<\/span>\n\t\t<\/div>\n\t\t\t\t\t\t<\/div>\n\t\t\t\t\t<\/div>\r\n\t\t\t\t<\/div>\r\n\t\t        <section class=\"elementor-section elementor-top-section elementor-element elementor-element-94490c1 elementor-section-boxed elementor-section-height-default elementor-section-height-default pxl-type-header-none pxl-bg-color-none pxl-row-scroll-none pxl-section-bg-none\" data-id=\"94490c1\" data-element_type=\"section\">\n\n                \n                <div class=\"elementor-container elementor-column-gap-default\">\n                <div class=\"elementor-column elementor-col-100 elementor-top-column elementor-element elementor-element-c792735 pxl-col-none pxl-column-none\" data-id=\"c792735\" data-element_type=\"column\">\r\n        <div class=\"elementor-widget-wrap elementor-element-populated\">\r\n                     \r\n        \t\t<div class=\"elementor-element elementor-element-991abb0 elementor-widget elementor-widget-pxl_blog_list\" data-id=\"991abb0\" data-element_type=\"widget\" data-widget_type=\"pxl_blog_list.default\">\n\t\t\t\t<div class=\"elementor-widget-container\">\n\t\t\t\t\t    <div class=\"pxl-blog-list pxl-blog-list1 pxl-parent-transition\" data-wow-delay=\"ms\" data-wow-duration=\"1.2s\">\n        <div class=\"pxl-blog-inner\">\n                            <div class=\"pxl-grid-item\">\n                                            <div class=\"pxl-item--image\">\n                            <a class=\"bg-image\" href=\"https:\/\/afripick.com\/es\/sofia-directora-general-de-afripick-reconocida-entre-los-10-lideres-mas-influyentes-que-impulsaran-los-negocios-en-2026\/\" style=\"background-image: url(https:\/\/afripick.com\/wp-content\/uploads\/2026\/03\/Social-Media-Post-Rbei-Sofia--1000x628.jpg);\">\n                                <img fetchpriority=\"high\" decoding=\"async\" class=\"\" src=\"https:\/\/afripick.com\/wp-content\/uploads\/2026\/03\/Social-Media-Post-Rbei-Sofia--1000x628.jpg\" width=\"1000\" height=\"628\" alt=\"Publicaci\u00f3n en redes sociales - Rbei Sofia\" title=\"Publicaci\u00f3n en redes sociales - Rbei Sofia\" \/>                            <\/a>\n                        <\/div>\n                                        <div class=\"pxl-item--body\">\n                                                    <ul class=\"item--meta\">\n                                                                    <li class=\"item--category\"><a href=\"https:\/\/afripick.com\/es\/category\/historias\/\" rel=\"tag\">Historias<\/a><\/li>\n                                                                                                    <li class=\"item--date\">7 de marzo de 2026<\/li>\n                                                            <\/ul>\n                                                                            <h4 class=\"item--title\"><a href=\"https:\/\/afripick.com\/es\/sofia-directora-general-de-afripick-reconocida-entre-los-10-lideres-mas-influyentes-que-impulsaran-los-negocios-en-2026\/\">Sof\u00eda, Directora General de Afripick, reconocida entre los \"10 l\u00edderes m\u00e1s influyentes que impulsar\u00e1n los negocios en 2026\"<\/a><\/h4>\n                                                                                                    <a class=\"pxl-btn-line pxl-transtion\" href=\"https:\/\/afripick.com\/es\/sofia-directora-general-de-afripick-reconocida-entre-los-10-lideres-mas-influyentes-que-impulsaran-los-negocios-en-2026\/\">\n                                <span class=\"pxl-wobble\">\n                                    <span>Read<\/span> <span>More<\/span>                                 <\/span>\n                            <\/a>\n                                            <\/div>\n                <\/div>\n                            <div class=\"pxl-grid-item\">\n                                            <div class=\"pxl-item--image\">\n                            <a class=\"bg-image\" href=\"https:\/\/afripick.com\/es\/afripick-participa-en-la-formacion-de-green-smile-sobre-la-certificacion-de-las-exportaciones-de-bayas\/\" style=\"background-image: url(https:\/\/afripick.com\/wp-content\/uploads\/2025\/12\/image-1000x875.webp);\">\n                                <img decoding=\"async\" class=\"\" src=\"https:\/\/afripick.com\/wp-content\/uploads\/2025\/12\/image-1000x875.webp\" width=\"1000\" height=\"875\" alt=\"Afripick lidera las estrategias de exportaci\u00f3n sostenible de bayas en Marruecos\" title=\"Afripick lidera las estrategias de exportaci\u00f3n sostenible de bayas en Marruecos\" \/>                            <\/a>\n                        <\/div>\n                                        <div class=\"pxl-item--body\">\n                                                    <ul class=\"item--meta\">\n                                                                    <li class=\"item--category\"><a href=\"https:\/\/afripick.com\/es\/category\/agricultura\/\" rel=\"tag\">Agricultura<\/a><\/li>\n                                                                                                    <li class=\"item--date\">17 de diciembre de 2025<\/li>\n                                                            <\/ul>\n                                                                            <h4 class=\"item--title\"><a href=\"https:\/\/afripick.com\/es\/afripick-participa-en-la-formacion-de-green-smile-sobre-la-certificacion-de-las-exportaciones-de-bayas\/\">Afripick participa en la formaci\u00f3n GREEN SMILE sobre certificaci\u00f3n de exportaciones de bayas en Marruecos<\/a><\/h4>\n                                                                                                    <a class=\"pxl-btn-line pxl-transtion\" href=\"https:\/\/afripick.com\/es\/afripick-participa-en-la-formacion-de-green-smile-sobre-la-certificacion-de-las-exportaciones-de-bayas\/\">\n                                <span class=\"pxl-wobble\">\n                                    <span>Read<\/span> <span>More<\/span>                                 <\/span>\n                            <\/a>\n                                            <\/div>\n                <\/div>\n                            <div class=\"pxl-grid-item\">\n                                            <div class=\"pxl-item--image\">\n                            <a class=\"bg-image\" href=\"https:\/\/afripick.com\/es\/afripick-en-la-maroc-berry-conference-2025-en-agadir\/\" style=\"background-image: url(https:\/\/afripick.com\/wp-content\/uploads\/2025\/12\/1763125613270-e1765983360702-1000x875.webp);\">\n                                <img decoding=\"async\" class=\"\" src=\"https:\/\/afripick.com\/wp-content\/uploads\/2025\/12\/1763125613270-e1765983360702-1000x875.webp\" width=\"1000\" height=\"875\" alt=\"Marruecos Conferencia Berry 2025\" title=\"Marruecos Conferencia Berry 2025\" \/>                            <\/a>\n                        <\/div>\n                                        <div class=\"pxl-item--body\">\n                                                    <ul class=\"item--meta\">\n                                                                    <li class=\"item--category\"><a href=\"https:\/\/afripick.com\/es\/category\/agricultura\/\" rel=\"tag\">Agricultura<\/a><\/li>\n                                                                                                    <li class=\"item--date\">17 de diciembre de 2025<\/li>\n                                                            <\/ul>\n                                                                            <h4 class=\"item--title\"><a href=\"https:\/\/afripick.com\/es\/afripick-en-la-maroc-berry-conference-2025-en-agadir\/\">Afripick en la Conferencia de Berries de Marruecos 2025 en Agadir<\/a><\/h4>\n                                                                                                    <a class=\"pxl-btn-line pxl-transtion\" href=\"https:\/\/afripick.com\/es\/afripick-en-la-maroc-berry-conference-2025-en-agadir\/\">\n                                <span class=\"pxl-wobble\">\n                                    <span>Read<\/span> <span>More<\/span>                                 <\/span>\n                            <\/a>\n                                            <\/div>\n                <\/div>\n                            <div class=\"pxl-grid-item\">\n                                            <div class=\"pxl-item--image\">\n                            <a class=\"bg-image\" href=\"https:\/\/afripick.com\/es\/afripick-en-fruit-attraction-2025-madrid\/\" style=\"background-image: url(https:\/\/afripick.com\/wp-content\/uploads\/2025\/10\/1759232629969-1000x875.jpeg);\">\n                                <img loading=\"lazy\" decoding=\"async\" class=\"\" src=\"https:\/\/afripick.com\/wp-content\/uploads\/2025\/10\/1759232629969-1000x875.jpeg\" width=\"1000\" height=\"875\" alt=\"1759232629969\" title=\"1759232629969\" \/>                            <\/a>\n                        <\/div>\n                                        <div class=\"pxl-item--body\">\n                                                    <ul class=\"item--meta\">\n                                                                    <li class=\"item--category\"><a href=\"https:\/\/afripick.com\/es\/category\/agricultura\/\" rel=\"tag\">Agricultura<\/a><\/li>\n                                                                                                    <li class=\"item--date\">13 de octubre de 2025<\/li>\n                                                            <\/ul>\n                                                                            <h4 class=\"item--title\"><a href=\"https:\/\/afripick.com\/es\/afripick-en-fruit-attraction-2025-madrid\/\">Afripick en Fruit Attraction 2025 - Madrid<\/a><\/h4>\n                                                                                                    <a class=\"pxl-btn-line pxl-transtion\" href=\"https:\/\/afripick.com\/es\/afripick-en-fruit-attraction-2025-madrid\/\">\n                                <span class=\"pxl-wobble\">\n                                    <span>Read<\/span> <span>More<\/span>                                 <\/span>\n                            <\/a>\n                                            <\/div>\n                <\/div>\n                            <div class=\"pxl-grid-item\">\n                                        <div class=\"pxl-item--body\">\n                                                    <ul class=\"item--meta\">\n                                                                    <li class=\"item--category\"><a href=\"https:\/\/afripick.com\/es\/category\/agricultura\/\" rel=\"tag\">Agricultura<\/a><\/li>\n                                                                                                    <li class=\"item--date\">29 de agosto de 2025<\/li>\n                                                            <\/ul>\n                                                                            <h4 class=\"item--title\"><a href=\"https:\/\/afripick.com\/es\/como-cultivar-fresas-una-guia-de-frutas-dulces-y-jugosas\/\">C\u00f3mo cultivar fresas : Gu\u00eda de frutas dulces y jugosas<\/a><\/h4>\n                                                                                                    <a class=\"pxl-btn-line pxl-transtion\" href=\"https:\/\/afripick.com\/es\/como-cultivar-fresas-una-guia-de-frutas-dulces-y-jugosas\/\">\n                                <span class=\"pxl-wobble\">\n                                    <span>Read<\/span> <span>More<\/span>                                 <\/span>\n                            <\/a>\n                                            <\/div>\n                <\/div>\n                            <div class=\"pxl-grid-item\">\n                                        <div class=\"pxl-item--body\">\n                                                    <ul class=\"item--meta\">\n                                                                    <li class=\"item--category\"><a href=\"https:\/\/afripick.com\/es\/category\/agricultura\/\" rel=\"tag\">Agricultura<\/a><\/li>\n                                                                                                    <li class=\"item--date\">29 de agosto de 2025<\/li>\n                                                            <\/ul>\n                                                                            <h4 class=\"item--title\"><a href=\"https:\/\/afripick.com\/es\/como-cultivar-moras-guia-de-bayas-dulces-y-jugosas\/\">C\u00f3mo cultivar moras: Gu\u00eda de bayas dulces y jugosas<\/a><\/h4>\n                                                                                                    <a class=\"pxl-btn-line pxl-transtion\" href=\"https:\/\/afripick.com\/es\/como-cultivar-moras-guia-de-bayas-dulces-y-jugosas\/\">\n                                <span class=\"pxl-wobble\">\n                                    <span>Read<\/span> <span>More<\/span>                                 <\/span>\n                            <\/a>\n                                            <\/div>\n                <\/div>\n                            <div class=\"pxl-grid-item\">\n                                        <div class=\"pxl-item--body\">\n                                                    <ul class=\"item--meta\">\n                                                                    <li class=\"item--category\"><a href=\"https:\/\/afripick.com\/es\/category\/agricultura\/\" rel=\"tag\">Agricultura<\/a><\/li>\n                                                                                                    <li class=\"item--date\">29 de agosto de 2025<\/li>\n                                                            <\/ul>\n                                                                            <h4 class=\"item--title\"><a href=\"https:\/\/afripick.com\/es\/como-cultivar-arandanos-una-guia-completa-para-obtener-bayas-dulces-y-jugosas\/\">C\u00f3mo cultivar ar\u00e1ndanos: Una gu\u00eda completa para obtener bayas dulces y jugosas<\/a><\/h4>\n                                                                                                    <a class=\"pxl-btn-line pxl-transtion\" href=\"https:\/\/afripick.com\/es\/como-cultivar-arandanos-una-guia-completa-para-obtener-bayas-dulces-y-jugosas\/\">\n                                <span class=\"pxl-wobble\">\n                                    <span>Read<\/span> <span>More<\/span>                                 <\/span>\n                            <\/a>\n                                            <\/div>\n                <\/div>\n                            <div class=\"pxl-grid-item\">\n                                        <div class=\"pxl-item--body\">\n                                                    <ul class=\"item--meta\">\n                                                                    <li class=\"item--category\"><a href=\"https:\/\/afripick.com\/es\/category\/agricultura\/\" rel=\"tag\">Agricultura<\/a><\/li>\n                                                                                                    <li class=\"item--date\">29 de agosto de 2025<\/li>\n                                                            <\/ul>\n                                                                            <h4 class=\"item--title\"><a href=\"https:\/\/afripick.com\/es\/como-cultivar-frambuesas-una-guia-paso-a-paso-para-una-dulce-cosecha\/\">C\u00f3mo cultivar frambuesas: Gu\u00eda paso a paso para una dulce cosecha<\/a><\/h4>\n                                                                                                    <a class=\"pxl-btn-line pxl-transtion\" href=\"https:\/\/afripick.com\/es\/como-cultivar-frambuesas-una-guia-paso-a-paso-para-una-dulce-cosecha\/\">\n                                <span class=\"pxl-wobble\">\n                                    <span>Read<\/span> <span>More<\/span>                                 <\/span>\n                            <\/a>\n                                            <\/div>\n                <\/div>\n                    <\/div>\n    <\/div>\n\t\t\t\t<\/div>\n\t\t\t\t<\/div>\n\t\t            <\/div>\r\n        <\/div>\r\n        \t\t\t<\/div>\n\t\t<\/section>\n\t\t\t\t<\/div>","protected":false},"excerpt":{"rendered":"<p>Blog Stories mars 7, 2026 La CEO de Afripick, Sof\u00eda, reconocida entre los \"10 l\u00edderes m\u00e1s influyentes que impulsar\u00e1n los negocios en 2026\" Read More Agriculture d\u00e9cembre 17, 2025 Afripick Participa en la Formaci\u00f3n GREEN SMILE sobre Certificaci\u00f3n de Exportaci\u00f3n de Berries en Marruecos Read More Agriculture d\u00e9cembre 17, 2025 Afripick en la Conferencia de Berries de Marruecos 2025 en Agadir Read More [...]<\/p>","protected":false},"author":1,"featured_media":0,"parent":0,"menu_order":0,"comment_status":"closed","ping_status":"closed","template":"","meta":{"_analytify_skip_tracking":false,"footnotes":""},"class_list":["post-1453","page","type-page","status-publish","hentry"],"yoast_head":"<!-- This site is optimized with the Yoast SEO Premium plugin v25.7.1 (Yoast SEO v25.7) - https:\/\/yoast.com\/wordpress\/plugins\/seo\/ -->\n<title>Blog Grid - AFRIPICK<\/title>\n<meta name=\"robots\" content=\"index, follow, max-snippet:-1, max-image-preview:large, max-video-preview:-1\" \/>\n<link rel=\"canonical\" href=\"https:\/\/afripick.com\/es\/blog-grid\/\" \/>\n<meta property=\"og:locale\" content=\"es_ES\" \/>\n<meta property=\"og:type\" content=\"article\" \/>\n<meta property=\"og:title\" content=\"Blog Grid\" \/>\n<meta property=\"og:description\" content=\"Blog Stories mars 7, 2026 Afripick CEO Sofia Recognized Among the \u201c10 Most Influential Leaders Driving Business Forward in 2026\u201d Read More Agriculture d\u00e9cembre 17, 2025 Afripick Participates in GREEN SMILE Training on Berry Export Certification in Morocco Read More Agriculture d\u00e9cembre 17, 2025 Afripick at the Morocco Berry Conference 2025 in Agadir Read More [&hellip;]\" \/>\n<meta property=\"og:url\" content=\"https:\/\/afripick.com\/es\/blog-grid\/\" \/>\n<meta property=\"og:site_name\" content=\"AFRIPICK\" \/>\n<meta property=\"article:modified_time\" content=\"2026-03-07T14:36:05+00:00\" \/>\n<meta property=\"og:image\" content=\"https:\/\/afripick.com\/wp-content\/uploads\/2026\/03\/Social-Media-Post-Rbei-Sofia--1000x628.jpg\" \/>\n<meta name=\"twitter:card\" content=\"summary_large_image\" \/>\n<meta name=\"twitter:label1\" content=\"Tiempo de lectura\" \/>\n\t<meta name=\"twitter:data1\" content=\"2 minutos\" \/>\n<script type=\"application\/ld+json\" class=\"yoast-schema-graph\">{\"@context\":\"https:\/\/schema.org\",\"@graph\":[{\"@type\":\"WebPage\",\"@id\":\"https:\/\/afripick.com\/blog-grid\/\",\"url\":\"https:\/\/afripick.com\/blog-grid\/\",\"name\":\"Blog Grid - AFRIPICK\",\"isPartOf\":{\"@id\":\"https:\/\/afripick.com\/#website\"},\"primaryImageOfPage\":{\"@id\":\"https:\/\/afripick.com\/blog-grid\/#primaryimage\"},\"image\":{\"@id\":\"https:\/\/afripick.com\/blog-grid\/#primaryimage\"},\"thumbnailUrl\":\"https:\/\/afripick.com\/wp-content\/uploads\/2026\/03\/Social-Media-Post-Rbei-Sofia--1000x628.jpg\",\"datePublished\":\"2022-12-21T01:30:34+00:00\",\"dateModified\":\"2026-03-07T14:36:05+00:00\",\"breadcrumb\":{\"@id\":\"https:\/\/afripick.com\/blog-grid\/#breadcrumb\"},\"inLanguage\":\"es\",\"potentialAction\":[{\"@type\":\"ReadAction\",\"target\":[\"https:\/\/afripick.com\/blog-grid\/\"]}]},{\"@type\":\"ImageObject\",\"inLanguage\":\"es\",\"@id\":\"https:\/\/afripick.com\/blog-grid\/#primaryimage\",\"url\":\"https:\/\/afripick.com\/wp-content\/uploads\/2026\/03\/Social-Media-Post-Rbei-Sofia--1000x628.jpg\",\"contentUrl\":\"https:\/\/afripick.com\/wp-content\/uploads\/2026\/03\/Social-Media-Post-Rbei-Sofia--1000x628.jpg\"},{\"@type\":\"BreadcrumbList\",\"@id\":\"https:\/\/afripick.com\/blog-grid\/#breadcrumb\",\"itemListElement\":[{\"@type\":\"ListItem\",\"position\":1,\"name\":\"Home\",\"item\":\"https:\/\/afripick.com\/\"},{\"@type\":\"ListItem\",\"position\":2,\"name\":\"Blog Grid\"}]},{\"@type\":\"WebSite\",\"@id\":\"https:\/\/afripick.com\/#website\",\"url\":\"https:\/\/afripick.com\/\",\"name\":\"AFRIPICK\",\"description\":\"AFRIPICK\",\"publisher\":{\"@id\":\"https:\/\/afripick.com\/#organization\"},\"potentialAction\":[{\"@type\":\"SearchAction\",\"target\":{\"@type\":\"EntryPoint\",\"urlTemplate\":\"https:\/\/afripick.com\/?s={search_term_string}\"},\"query-input\":{\"@type\":\"PropertyValueSpecification\",\"valueRequired\":true,\"valueName\":\"search_term_string\"}}],\"inLanguage\":\"es\"},{\"@type\":\"Organization\",\"@id\":\"https:\/\/afripick.com\/#organization\",\"name\":\"AFRIPICK\",\"url\":\"https:\/\/afripick.com\/\",\"logo\":{\"@type\":\"ImageObject\",\"inLanguage\":\"es\",\"@id\":\"https:\/\/afripick.com\/#\/schema\/logo\/image\/\",\"url\":\"https:\/\/afripick.com\/wp-content\/uploads\/2025\/07\/cropped-A1ssss.png\",\"contentUrl\":\"https:\/\/afripick.com\/wp-content\/uploads\/2025\/07\/cropped-A1ssss.png\",\"width\":1998,\"height\":1998,\"caption\":\"AFRIPICK\"},\"image\":{\"@id\":\"https:\/\/afripick.com\/#\/schema\/logo\/image\/\"}}]}<\/script>\n<!-- \/ Yoast SEO Premium plugin. -->","yoast_head_json":{"title":"Blog Grid - AFRIPICK","robots":{"index":"index","follow":"follow","max-snippet":"max-snippet:-1","max-image-preview":"max-image-preview:large","max-video-preview":"max-video-preview:-1"},"canonical":"https:\/\/afripick.com\/es\/blog-grid\/","og_locale":"es_ES","og_type":"article","og_title":"Blog Grid","og_description":"Blog Stories mars 7, 2026 Afripick CEO Sofia Recognized Among the \u201c10 Most Influential Leaders Driving Business Forward in 2026\u201d Read More Agriculture d\u00e9cembre 17, 2025 Afripick Participates in GREEN SMILE Training on Berry Export Certification in Morocco Read More Agriculture d\u00e9cembre 17, 2025 Afripick at the Morocco Berry Conference 2025 in Agadir Read More [&hellip;]","og_url":"https:\/\/afripick.com\/es\/blog-grid\/","og_site_name":"AFRIPICK","article_modified_time":"2026-03-07T14:36:05+00:00","og_image":[{"url":"https:\/\/afripick.com\/wp-content\/uploads\/2026\/03\/Social-Media-Post-Rbei-Sofia--1000x628.jpg","type":"","width":"","height":""}],"twitter_card":"summary_large_image","twitter_misc":{"Tiempo de lectura":"2 minutos"},"schema":{"@context":"https:\/\/schema.org","@graph":[{"@type":"WebPage","@id":"https:\/\/afripick.com\/blog-grid\/","url":"https:\/\/afripick.com\/blog-grid\/","name":"Blog Grid - AFRIPICK","isPartOf":{"@id":"https:\/\/afripick.com\/#website"},"primaryImageOfPage":{"@id":"https:\/\/afripick.com\/blog-grid\/#primaryimage"},"image":{"@id":"https:\/\/afripick.com\/blog-grid\/#primaryimage"},"thumbnailUrl":"https:\/\/afripick.com\/wp-content\/uploads\/2026\/03\/Social-Media-Post-Rbei-Sofia--1000x628.jpg","datePublished":"2022-12-21T01:30:34+00:00","dateModified":"2026-03-07T14:36:05+00:00","breadcrumb":{"@id":"https:\/\/afripick.com\/blog-grid\/#breadcrumb"},"inLanguage":"es","potentialAction":[{"@type":"ReadAction","target":["https:\/\/afripick.com\/blog-grid\/"]}]},{"@type":"ImageObject","inLanguage":"es","@id":"https:\/\/afripick.com\/blog-grid\/#primaryimage","url":"https:\/\/afripick.com\/wp-content\/uploads\/2026\/03\/Social-Media-Post-Rbei-Sofia--1000x628.jpg","contentUrl":"https:\/\/afripick.com\/wp-content\/uploads\/2026\/03\/Social-Media-Post-Rbei-Sofia--1000x628.jpg"},{"@type":"BreadcrumbList","@id":"https:\/\/afripick.com\/blog-grid\/#breadcrumb","itemListElement":[{"@type":"ListItem","position":1,"name":"Home","item":"https:\/\/afripick.com\/"},{"@type":"ListItem","position":2,"name":"Blog Grid"}]},{"@type":"WebSite","@id":"https:\/\/afripick.com\/#website","url":"https:\/\/afripick.com\/","name":"AFRIPICK","description":"AFRIPICK","publisher":{"@id":"https:\/\/afripick.com\/#organization"},"potentialAction":[{"@type":"SearchAction","target":{"@type":"EntryPoint","urlTemplate":"https:\/\/afripick.com\/?s={search_term_string}"},"query-input":{"@type":"PropertyValueSpecification","valueRequired":true,"valueName":"search_term_string"}}],"inLanguage":"es"},{"@type":"Organization","@id":"https:\/\/afripick.com\/#organization","name":"AFRIPICK","url":"https:\/\/afripick.com\/","logo":{"@type":"ImageObject","inLanguage":"es","@id":"https:\/\/afripick.com\/#\/schema\/logo\/image\/","url":"https:\/\/afripick.com\/wp-content\/uploads\/2025\/07\/cropped-A1ssss.png","contentUrl":"https:\/\/afripick.com\/wp-content\/uploads\/2025\/07\/cropped-A1ssss.png","width":1998,"height":1998,"caption":"AFRIPICK"},"image":{"@id":"https:\/\/afripick.com\/#\/schema\/logo\/image\/"}}]}},"_links":{"self":[{"href":"https:\/\/afripick.com\/es\/wp-json\/wp\/v2\/pages\/1453","targetHints":{"allow":["GET"]}}],"collection":[{"href":"https:\/\/afripick.com\/es\/wp-json\/wp\/v2\/pages"}],"about":[{"href":"https:\/\/afripick.com\/es\/wp-json\/wp\/v2\/types\/page"}],"author":[{"embeddable":true,"href":"https:\/\/afripick.com\/es\/wp-json\/wp\/v2\/users\/1"}],"replies":[{"embeddable":true,"href":"https:\/\/afripick.com\/es\/wp-json\/wp\/v2\/comments?post=1453"}],"version-history":[{"count":45,"href":"https:\/\/afripick.com\/es\/wp-json\/wp\/v2\/pages\/1453\/revisions"}],"predecessor-version":[{"id":12969,"href":"https:\/\/afripick.com\/es\/wp-json\/wp\/v2\/pages\/1453\/revisions\/12969"}],"wp:attachment":[{"href":"https:\/\/afripick.com\/es\/wp-json\/wp\/v2\/media?parent=1453"}],"curies":[{"name":"wp","href":"https:\/\/api.w.org\/{rel}","templated":true}]}}