{"id":11751,"date":"2025-08-28T09:28:05","date_gmt":"2025-08-28T09:28:05","guid":{"rendered":"https:\/\/afripick.com\/?page_id=11751"},"modified":"2025-09-24T10:47:13","modified_gmt":"2025-09-24T10:47:13","slug":"strawberries","status":"publish","type":"page","link":"https:\/\/afripick.com\/fr\/strawberries\/","title":{"rendered":"Fraise"},"content":{"rendered":"<div data-elementor-type=\"wp-page\" data-elementor-id=\"11751\" class=\"elementor elementor-11751\" data-elementor-post-type=\"page\">\n\t\t\t\t<div class=\"elementor-element elementor-element-cf9dc5b e-flex e-con-boxed e-con e-parent\" data-id=\"cf9dc5b\" data-element_type=\"container\" data-settings=\"{&quot;background_background&quot;:&quot;video&quot;,&quot;background_video_link&quot;:&quot;https:\\\/\\\/afripick.com\\\/wp-content\\\/uploads\\\/2025\\\/09\\\/WhatsApp-Video-2025-09-11-at-16.28.06-1.mp4&quot;,&quot;background_play_on_mobile&quot;:&quot;yes&quot;}\">\t\t\t<div class=\"e-con-inner\">\r\n\t\t<div class=\"elementor-background-video-container\">\n\t\t\t\t\t\t\t<video class=\"elementor-background-video-hosted\" autoplay muted playsinline loop><\/video>\n\t\t\t\t\t<\/div>\t\t<div class=\"elementor-element elementor-element-953e7d5 elementor-widget elementor-widget-pxl_heading\" data-id=\"953e7d5\" data-element_type=\"widget\" data-widget_type=\"pxl_heading.default\">\n\t\t\t\t<div class=\"elementor-widget-container\">\n\t\t\t\t\t<div class=\"pxl-heading\">\n\t<div class=\"pxl-heading--inner\">\n\t\t\t\t<h1 class=\"pxl-item--title divider-none wow flipInX  style1\" data-wow-delay=\"200ms\" data-wow-duration=\"1.5s\">\n\t\t\tFraises \t\t<\/h1>\n\t<\/div>\n<\/div>\t\t\t\t<\/div>\n\t\t\t\t<\/div>\n\t\t\t\t\t<\/div>\r\n\t\t\t\t<\/div>\r\n\t\t<div class=\"elementor-element elementor-element-bc433a3 e-flex e-con-boxed e-con e-parent\" data-id=\"bc433a3\" data-element_type=\"container\">\t\t\t<div class=\"e-con-inner\">\r\n\t\t<div class=\"elementor-element elementor-element-e47cf8d e-con-full e-flex e-con e-child\" data-id=\"e47cf8d\" data-element_type=\"container\"><div class=\"elementor-element elementor-element-a6e6707 e-con-full e-flex e-con e-child\" data-id=\"a6e6707\" data-element_type=\"container\"><div class=\"elementor-element elementor-element-9f5c7fb e-con-full e-flex e-con e-child\" data-id=\"9f5c7fb\" data-element_type=\"container\">\t\t<div class=\"elementor-element elementor-element-193b504 elementor-align-left elementor-widget elementor-widget-lottie\" data-id=\"193b504\" data-element_type=\"widget\" data-settings=\"{&quot;source_json&quot;:{&quot;url&quot;:&quot;https:\\\/\\\/afripick.com\\\/wp-content\\\/uploads\\\/2025\\\/08\\\/cranberries_16060005.json&quot;,&quot;id&quot;:11668,&quot;size&quot;:&quot;&quot;,&quot;alt&quot;:&quot;&quot;,&quot;source&quot;:&quot;library&quot;},&quot;source&quot;:&quot;media_file&quot;,&quot;caption_source&quot;:&quot;none&quot;,&quot;link_to&quot;:&quot;none&quot;,&quot;trigger&quot;:&quot;arriving_to_viewport&quot;,&quot;viewport&quot;:{&quot;unit&quot;:&quot;%&quot;,&quot;size&quot;:&quot;&quot;,&quot;sizes&quot;:{&quot;start&quot;:0,&quot;end&quot;:100}},&quot;play_speed&quot;:{&quot;unit&quot;:&quot;px&quot;,&quot;size&quot;:1,&quot;sizes&quot;:[]},&quot;start_point&quot;:{&quot;unit&quot;:&quot;%&quot;,&quot;size&quot;:0,&quot;sizes&quot;:[]},&quot;end_point&quot;:{&quot;unit&quot;:&quot;%&quot;,&quot;size&quot;:100,&quot;sizes&quot;:[]},&quot;renderer&quot;:&quot;svg&quot;}\" data-widget_type=\"lottie.default\">\n\t\t\t\t\t<div class=\"e-lottie__container\"><div class=\"e-lottie__animation\"><\/div><\/div>\t\t\t\t<\/div>\n\t\t\t\t<div class=\"elementor-element elementor-element-8dc0a01 e-transform elementor-widget elementor-widget-pxl_heading\" data-id=\"8dc0a01\" data-element_type=\"widget\" data-settings=\"{&quot;_transform_translateX_effect&quot;:{&quot;unit&quot;:&quot;px&quot;,&quot;size&quot;:8,&quot;sizes&quot;:[]},&quot;_transform_translateX_effect_laptop&quot;:{&quot;unit&quot;:&quot;px&quot;,&quot;size&quot;:&quot;&quot;,&quot;sizes&quot;:[]},&quot;_transform_translateX_effect_tablet_extra&quot;:{&quot;unit&quot;:&quot;px&quot;,&quot;size&quot;:&quot;&quot;,&quot;sizes&quot;:[]},&quot;_transform_translateX_effect_tablet&quot;:{&quot;unit&quot;:&quot;px&quot;,&quot;size&quot;:&quot;&quot;,&quot;sizes&quot;:[]},&quot;_transform_translateX_effect_mobile_extra&quot;:{&quot;unit&quot;:&quot;px&quot;,&quot;size&quot;:&quot;&quot;,&quot;sizes&quot;:[]},&quot;_transform_translateX_effect_mobile&quot;:{&quot;unit&quot;:&quot;px&quot;,&quot;size&quot;:&quot;&quot;,&quot;sizes&quot;:[]},&quot;_transform_translateY_effect&quot;:{&quot;unit&quot;:&quot;px&quot;,&quot;size&quot;:&quot;&quot;,&quot;sizes&quot;:[]},&quot;_transform_translateY_effect_laptop&quot;:{&quot;unit&quot;:&quot;px&quot;,&quot;size&quot;:&quot;&quot;,&quot;sizes&quot;:[]},&quot;_transform_translateY_effect_tablet_extra&quot;:{&quot;unit&quot;:&quot;px&quot;,&quot;size&quot;:&quot;&quot;,&quot;sizes&quot;:[]},&quot;_transform_translateY_effect_tablet&quot;:{&quot;unit&quot;:&quot;px&quot;,&quot;size&quot;:&quot;&quot;,&quot;sizes&quot;:[]},&quot;_transform_translateY_effect_mobile_extra&quot;:{&quot;unit&quot;:&quot;px&quot;,&quot;size&quot;:&quot;&quot;,&quot;sizes&quot;:[]},&quot;_transform_translateY_effect_mobile&quot;:{&quot;unit&quot;:&quot;px&quot;,&quot;size&quot;:&quot;&quot;,&quot;sizes&quot;:[]}}\" data-widget_type=\"pxl_heading.default\">\n\t\t\t\t<div class=\"elementor-widget-container\">\n\t\t\t\t\t<div class=\"pxl-heading\">\n\t<div class=\"pxl-heading--inner\">\n\t\t\t\t\t<div class=\"pxl-item--subtitle\" data-wow-delay=\"ms\" data-wow-duration=\"1.2s\"><span>Nos fraises<\/span><\/div>\n\t\t\t\t<h3 class=\"pxl-item--title divider-none   style1\" data-wow-delay=\"ms\" data-wow-duration=\"1.2s\">\n\t\t\tRouge vif, naturellement doux.\t\t<\/h3>\n\t<\/div>\n<\/div>\t\t\t\t<\/div>\n\t\t\t\t<\/div>\n\t\t<div class=\"elementor-element elementor-element-5bfd239 e-con-full e-flex e-con e-child\" data-id=\"5bfd239\" data-element_type=\"container\">\t\t<div class=\"elementor-element elementor-element-212739e e-transform elementor-widget elementor-widget-pxl_text_editor\" data-id=\"212739e\" data-element_type=\"widget\" data-settings=\"{&quot;_transform_translateX_effect&quot;:{&quot;unit&quot;:&quot;px&quot;,&quot;size&quot;:-1,&quot;sizes&quot;:[]},&quot;_transform_translateY_effect&quot;:{&quot;unit&quot;:&quot;px&quot;,&quot;size&quot;:-4,&quot;sizes&quot;:[]},&quot;_transform_translateX_effect_laptop&quot;:{&quot;unit&quot;:&quot;px&quot;,&quot;size&quot;:&quot;&quot;,&quot;sizes&quot;:[]},&quot;_transform_translateX_effect_tablet_extra&quot;:{&quot;unit&quot;:&quot;px&quot;,&quot;size&quot;:&quot;&quot;,&quot;sizes&quot;:[]},&quot;_transform_translateX_effect_tablet&quot;:{&quot;unit&quot;:&quot;px&quot;,&quot;size&quot;:&quot;&quot;,&quot;sizes&quot;:[]},&quot;_transform_translateX_effect_mobile_extra&quot;:{&quot;unit&quot;:&quot;px&quot;,&quot;size&quot;:&quot;&quot;,&quot;sizes&quot;:[]},&quot;_transform_translateX_effect_mobile&quot;:{&quot;unit&quot;:&quot;px&quot;,&quot;size&quot;:&quot;&quot;,&quot;sizes&quot;:[]},&quot;_transform_translateY_effect_laptop&quot;:{&quot;unit&quot;:&quot;px&quot;,&quot;size&quot;:&quot;&quot;,&quot;sizes&quot;:[]},&quot;_transform_translateY_effect_tablet_extra&quot;:{&quot;unit&quot;:&quot;px&quot;,&quot;size&quot;:&quot;&quot;,&quot;sizes&quot;:[]},&quot;_transform_translateY_effect_tablet&quot;:{&quot;unit&quot;:&quot;px&quot;,&quot;size&quot;:&quot;&quot;,&quot;sizes&quot;:[]},&quot;_transform_translateY_effect_mobile_extra&quot;:{&quot;unit&quot;:&quot;px&quot;,&quot;size&quot;:&quot;&quot;,&quot;sizes&quot;:[]},&quot;_transform_translateY_effect_mobile&quot;:{&quot;unit&quot;:&quot;px&quot;,&quot;size&quot;:&quot;&quot;,&quot;sizes&quot;:[]}}\" data-widget_type=\"pxl_text_editor.default\">\n\t\t\t\t<div class=\"elementor-widget-container\">\n\t\t\t\t\t<div class=\"pxl-text-editor wow flash\" data-wow-delay=\"ms\" data-wow-duration=\"1.2s\">\n\t<div class=\"pxl-item--inner\">\n\t\t<p data-start=\"81\" data-end=\"417\">Lumineuses, juteuses et irr\u00e9sistiblement sucr\u00e9es, les fraises comptent parmi les fruits les plus appr\u00e9ci\u00e9s au monde. Avec leur couleur rouge vif et leur go\u00fbt rafra\u00eechissant, elles apportent plaisir et nutrition \u00e0 chaque bouch\u00e9e. Riches en vitamine C, en antioxydants et en fibres, les fraises ne sont pas seulement d\u00e9licieuses, elles sont aussi un stimulant naturel pour la sant\u00e9 et le bien-\u00eatre.<\/p><p data-start=\"419\" data-end=\"675\">Du snacking frais aux cr\u00e9ations gastronomiques, les fraises brillent de mille feux - m\u00e9lang\u00e9es dans des smoothies, cuites dans des p\u00e2tisseries, associ\u00e9es \u00e0 du chocolat, ou simplement d\u00e9gust\u00e9es seules. Leur saveur unique et leur attrait en font une favorite intemporelle dans toutes les cultures.<\/p><p data-start=\"677\" data-end=\"981\">Chez Afripick, nous fournissons des fraises marocaines de premi\u00e8re qualit\u00e9, r\u00e9colt\u00e9es avec soin pour garantir une fra\u00eecheur, un go\u00fbt et une r\u00e9gularit\u00e9 exceptionnels sur les march\u00e9s internationaux. <strong data-start=\"843\" data-end=\"900\">Disponible d'octobre \u00e0 avril,<\/strong> chaque baie refl\u00e8te notre engagement \u00e0 l'excellence et notre passion pour les baies.<\/p>\t<\/div>\n<\/div>\n\t\t\t\t<\/div>\n\t\t\t\t<\/div>\n\t\t\t\t<\/div>\r\n\t\t\t\t<\/div>\r\n\t\t<div class=\"elementor-element elementor-element-be1a0d8 e-con-full e-flex e-con e-child\" data-id=\"be1a0d8\" data-element_type=\"container\"><div class=\"elementor-element elementor-element-84feb43 e-con-full e-flex e-con e-child\" data-id=\"84feb43\" data-element_type=\"container\">\t\t<div class=\"elementor-element elementor-element-be9ebd7 e-transform elementor-invisible elementor-widget elementor-widget-image-carousel\" data-id=\"be9ebd7\" data-element_type=\"widget\" data-settings=\"{&quot;slides_to_show&quot;:&quot;1&quot;,&quot;navigation&quot;:&quot;none&quot;,&quot;autoplay_speed&quot;:1000,&quot;_animation&quot;:&quot;wobble&quot;,&quot;_transform_translateY_effect&quot;:{&quot;unit&quot;:&quot;px&quot;,&quot;size&quot;:119,&quot;sizes&quot;:[]},&quot;autoplay&quot;:&quot;yes&quot;,&quot;pause_on_hover&quot;:&quot;yes&quot;,&quot;pause_on_interaction&quot;:&quot;yes&quot;,&quot;infinite&quot;:&quot;yes&quot;,&quot;effect&quot;:&quot;slide&quot;,&quot;speed&quot;:500,&quot;_transform_translateX_effect&quot;:{&quot;unit&quot;:&quot;px&quot;,&quot;size&quot;:&quot;&quot;,&quot;sizes&quot;:[]},&quot;_transform_translateX_effect_laptop&quot;:{&quot;unit&quot;:&quot;px&quot;,&quot;size&quot;:&quot;&quot;,&quot;sizes&quot;:[]},&quot;_transform_translateX_effect_tablet_extra&quot;:{&quot;unit&quot;:&quot;px&quot;,&quot;size&quot;:&quot;&quot;,&quot;sizes&quot;:[]},&quot;_transform_translateX_effect_tablet&quot;:{&quot;unit&quot;:&quot;px&quot;,&quot;size&quot;:&quot;&quot;,&quot;sizes&quot;:[]},&quot;_transform_translateX_effect_mobile_extra&quot;:{&quot;unit&quot;:&quot;px&quot;,&quot;size&quot;:&quot;&quot;,&quot;sizes&quot;:[]},&quot;_transform_translateX_effect_mobile&quot;:{&quot;unit&quot;:&quot;px&quot;,&quot;size&quot;:&quot;&quot;,&quot;sizes&quot;:[]},&quot;_transform_translateY_effect_laptop&quot;:{&quot;unit&quot;:&quot;px&quot;,&quot;size&quot;:&quot;&quot;,&quot;sizes&quot;:[]},&quot;_transform_translateY_effect_tablet_extra&quot;:{&quot;unit&quot;:&quot;px&quot;,&quot;size&quot;:&quot;&quot;,&quot;sizes&quot;:[]},&quot;_transform_translateY_effect_tablet&quot;:{&quot;unit&quot;:&quot;px&quot;,&quot;size&quot;:&quot;&quot;,&quot;sizes&quot;:[]},&quot;_transform_translateY_effect_mobile_extra&quot;:{&quot;unit&quot;:&quot;px&quot;,&quot;size&quot;:&quot;&quot;,&quot;sizes&quot;:[]},&quot;_transform_translateY_effect_mobile&quot;:{&quot;unit&quot;:&quot;px&quot;,&quot;size&quot;:&quot;&quot;,&quot;sizes&quot;:[]}}\" data-widget_type=\"image-carousel.default\">\n\t\t\t\t\t\t\t<div class=\"elementor-image-carousel-wrapper swiper\" role=\"region\" aria-roledescription=\"carousel\" aria-label=\"Carrousel d&#039;images\" dir=\"ltr\">\n\t\t\t<div class=\"elementor-image-carousel swiper-wrapper\" aria-live=\"off\">\n\t\t\t\t\t\t\t\t<div class=\"swiper-slide\" role=\"group\" aria-roledescription=\"slide\" aria-label=\"1 sur 1\" data-no-translation-aria-label=\"\"><figure class=\"swiper-slide-inner\"><img decoding=\"async\" class=\"swiper-slide-image\" src=\"https:\/\/afripick.com\/wp-content\/uploads\/2025\/09\/red-delicious-ripe-strawberry-special-black-box-Photoroom-1.jpg\" alt=\"rouge-d\u00e9licieux-m\u00fbre-fraise-sp\u00e9cial-bo\u00eete-noire-Photoroom (1)\" \/><\/figure><\/div>\t\t\t<\/div>\n\t\t\t\t\t<\/div>\n\t\t\t\t\t\t<\/div>\n\t\t\t\t<\/div>\r\n\t\t\t\t<\/div>\r\n\t\t\t\t<\/div>\r\n\t\t\t\t<\/div>\r\n\t\t\t\t\t<\/div>\r\n\t\t\t\t<\/div>\r\n\t\t\t\t<\/div>","protected":false},"excerpt":{"rendered":"<p>Fraises Nos fraises Rouge vif, naturellement sucr\u00e9es. Lumineuses, juteuses et irr\u00e9sistiblement sucr\u00e9es, les fraises comptent parmi les fruits les plus appr\u00e9ci\u00e9s au monde. Avec leur couleur rouge vif et leur go\u00fbt rafra\u00eechissant, elles apportent plaisir et nutrition \u00e0 chaque bouch\u00e9e. Riches en vitamine C, en antioxydants et en fibres, les fraises ne sont pas seulement d\u00e9licieuses, elles sont aussi un stimulant naturel pour [...]<\/p>","protected":false},"author":1,"featured_media":0,"parent":0,"menu_order":0,"comment_status":"closed","ping_status":"closed","template":"","meta":{"_analytify_skip_tracking":false,"footnotes":""},"class_list":["post-11751","page","type-page","status-publish","hentry"],"yoast_head":"<!-- This site is optimized with the Yoast SEO Premium plugin v25.7.1 (Yoast SEO v25.7) - https:\/\/yoast.com\/wordpress\/plugins\/seo\/ -->\n<title>strawberries - AFRIPICK<\/title>\n<meta name=\"description\" content=\"Enjoy the sweetness of Moroccan strawberries with Afripick. Fresh, juicy, and full of flavor, our strawberries are grown sustainably and delivered with care.\" \/>\n<meta name=\"robots\" content=\"index, follow, max-snippet:-1, max-image-preview:large, max-video-preview:-1\" \/>\n<link rel=\"canonical\" href=\"https:\/\/afripick.com\/fr\/strawberries\/\" \/>\n<meta property=\"og:locale\" content=\"fr_FR\" \/>\n<meta property=\"og:type\" content=\"article\" \/>\n<meta property=\"og:title\" content=\"Strawberry\" \/>\n<meta property=\"og:description\" content=\"Enjoy the sweetness of Moroccan strawberries with Afripick. Fresh, juicy, and full of flavor, our strawberries are grown sustainably and delivered with care.\" \/>\n<meta property=\"og:url\" content=\"https:\/\/afripick.com\/fr\/strawberries\/\" \/>\n<meta property=\"og:site_name\" content=\"AFRIPICK\" \/>\n<meta property=\"article:modified_time\" content=\"2025-09-24T10:47:13+00:00\" \/>\n<meta property=\"og:image\" content=\"https:\/\/afripick.com\/wp-content\/uploads\/2025\/09\/red-delicious-ripe-strawberry-special-black-box-Photoroom-1.jpg\" \/>\n<meta name=\"twitter:card\" content=\"summary_large_image\" \/>\n<meta name=\"twitter:label1\" content=\"Dur\u00e9e de lecture estim\u00e9e\" \/>\n\t<meta name=\"twitter:data1\" content=\"1 minute\" \/>\n<script type=\"application\/ld+json\" class=\"yoast-schema-graph\">{\"@context\":\"https:\/\/schema.org\",\"@graph\":[{\"@type\":\"WebPage\",\"@id\":\"https:\/\/afripick.com\/en\/strawberries\/\",\"url\":\"https:\/\/afripick.com\/en\/strawberries\/\",\"name\":\"strawberries - AFRIPICK\",\"isPartOf\":{\"@id\":\"https:\/\/afripick.com\/#website\"},\"primaryImageOfPage\":{\"@id\":\"https:\/\/afripick.com\/en\/strawberries\/#primaryimage\"},\"image\":{\"@id\":\"https:\/\/afripick.com\/en\/strawberries\/#primaryimage\"},\"thumbnailUrl\":\"https:\/\/afripick.com\/wp-content\/uploads\/2025\/09\/red-delicious-ripe-strawberry-special-black-box-Photoroom-1.jpg\",\"datePublished\":\"2025-08-28T09:28:05+00:00\",\"dateModified\":\"2025-09-24T10:47:13+00:00\",\"description\":\"Enjoy the sweetness of Moroccan strawberries with Afripick. Fresh, juicy, and full of flavor, our strawberries are grown sustainably and delivered with care.\",\"breadcrumb\":{\"@id\":\"https:\/\/afripick.com\/en\/strawberries\/#breadcrumb\"},\"inLanguage\":\"fr-FR\",\"potentialAction\":[{\"@type\":\"ReadAction\",\"target\":[\"https:\/\/afripick.com\/en\/strawberries\/\"]}]},{\"@type\":\"ImageObject\",\"inLanguage\":\"fr-FR\",\"@id\":\"https:\/\/afripick.com\/en\/strawberries\/#primaryimage\",\"url\":\"https:\/\/afripick.com\/wp-content\/uploads\/2025\/09\/red-delicious-ripe-strawberry-special-black-box-Photoroom-1.jpg\",\"contentUrl\":\"https:\/\/afripick.com\/wp-content\/uploads\/2025\/09\/red-delicious-ripe-strawberry-special-black-box-Photoroom-1.jpg\"},{\"@type\":\"BreadcrumbList\",\"@id\":\"https:\/\/afripick.com\/en\/strawberries\/#breadcrumb\",\"itemListElement\":[{\"@type\":\"ListItem\",\"position\":1,\"name\":\"Home\",\"item\":\"https:\/\/afripick.com\/\"},{\"@type\":\"ListItem\",\"position\":2,\"name\":\"Strawberry\"}]},{\"@type\":\"WebSite\",\"@id\":\"https:\/\/afripick.com\/#website\",\"url\":\"https:\/\/afripick.com\/\",\"name\":\"AFRIPICK\",\"description\":\"AFRIPICK\",\"publisher\":{\"@id\":\"https:\/\/afripick.com\/#organization\"},\"potentialAction\":[{\"@type\":\"SearchAction\",\"target\":{\"@type\":\"EntryPoint\",\"urlTemplate\":\"https:\/\/afripick.com\/?s={search_term_string}\"},\"query-input\":{\"@type\":\"PropertyValueSpecification\",\"valueRequired\":true,\"valueName\":\"search_term_string\"}}],\"inLanguage\":\"fr-FR\"},{\"@type\":\"Organization\",\"@id\":\"https:\/\/afripick.com\/#organization\",\"name\":\"AFRIPICK\",\"url\":\"https:\/\/afripick.com\/\",\"logo\":{\"@type\":\"ImageObject\",\"inLanguage\":\"fr-FR\",\"@id\":\"https:\/\/afripick.com\/#\/schema\/logo\/image\/\",\"url\":\"https:\/\/afripick.com\/wp-content\/uploads\/2025\/07\/cropped-A1ssss.png\",\"contentUrl\":\"https:\/\/afripick.com\/wp-content\/uploads\/2025\/07\/cropped-A1ssss.png\",\"width\":1998,\"height\":1998,\"caption\":\"AFRIPICK\"},\"image\":{\"@id\":\"https:\/\/afripick.com\/#\/schema\/logo\/image\/\"}}]}<\/script>\n<!-- \/ Yoast SEO Premium plugin. -->","yoast_head_json":{"title":"fraises - AFRIPICK","description":"Savourez la douceur des fraises marocaines avec Afripick. Fra\u00eeches, juteuses et pleines de saveur, nos fraises sont cultiv\u00e9es de mani\u00e8re durable et livr\u00e9es avec soin.","robots":{"index":"index","follow":"follow","max-snippet":"max-snippet:-1","max-image-preview":"max-image-preview:large","max-video-preview":"max-video-preview:-1"},"canonical":"https:\/\/afripick.com\/fr\/strawberries\/","og_locale":"fr_FR","og_type":"article","og_title":"Strawberry","og_description":"Enjoy the sweetness of Moroccan strawberries with Afripick. Fresh, juicy, and full of flavor, our strawberries are grown sustainably and delivered with care.","og_url":"https:\/\/afripick.com\/fr\/strawberries\/","og_site_name":"AFRIPICK","article_modified_time":"2025-09-24T10:47:13+00:00","og_image":[{"url":"https:\/\/afripick.com\/wp-content\/uploads\/2025\/09\/red-delicious-ripe-strawberry-special-black-box-Photoroom-1.jpg","type":"","width":"","height":""}],"twitter_card":"summary_large_image","twitter_misc":{"Dur\u00e9e de lecture estim\u00e9e":"1 minute"},"schema":{"@context":"https:\/\/schema.org","@graph":[{"@type":"WebPage","@id":"https:\/\/afripick.com\/en\/strawberries\/","url":"https:\/\/afripick.com\/en\/strawberries\/","name":"fraises - AFRIPICK","isPartOf":{"@id":"https:\/\/afripick.com\/#website"},"primaryImageOfPage":{"@id":"https:\/\/afripick.com\/en\/strawberries\/#primaryimage"},"image":{"@id":"https:\/\/afripick.com\/en\/strawberries\/#primaryimage"},"thumbnailUrl":"https:\/\/afripick.com\/wp-content\/uploads\/2025\/09\/red-delicious-ripe-strawberry-special-black-box-Photoroom-1.jpg","datePublished":"2025-08-28T09:28:05+00:00","dateModified":"2025-09-24T10:47:13+00:00","description":"Savourez la douceur des fraises marocaines avec Afripick. Fra\u00eeches, juteuses et pleines de saveur, nos fraises sont cultiv\u00e9es de mani\u00e8re durable et livr\u00e9es avec soin.","breadcrumb":{"@id":"https:\/\/afripick.com\/en\/strawberries\/#breadcrumb"},"inLanguage":"fr-FR","potentialAction":[{"@type":"ReadAction","target":["https:\/\/afripick.com\/en\/strawberries\/"]}]},{"@type":"ImageObject","inLanguage":"fr-FR","@id":"https:\/\/afripick.com\/en\/strawberries\/#primaryimage","url":"https:\/\/afripick.com\/wp-content\/uploads\/2025\/09\/red-delicious-ripe-strawberry-special-black-box-Photoroom-1.jpg","contentUrl":"https:\/\/afripick.com\/wp-content\/uploads\/2025\/09\/red-delicious-ripe-strawberry-special-black-box-Photoroom-1.jpg"},{"@type":"BreadcrumbList","@id":"https:\/\/afripick.com\/en\/strawberries\/#breadcrumb","itemListElement":[{"@type":"ListItem","position":1,"name":"Home","item":"https:\/\/afripick.com\/"},{"@type":"ListItem","position":2,"name":"Strawberry"}]},{"@type":"WebSite","@id":"https:\/\/afripick.com\/#website","url":"https:\/\/afripick.com\/","name":"AFRIPICK","description":"AFRIPICK","publisher":{"@id":"https:\/\/afripick.com\/#organization"},"potentialAction":[{"@type":"SearchAction","target":{"@type":"EntryPoint","urlTemplate":"https:\/\/afripick.com\/?s={search_term_string}"},"query-input":{"@type":"PropertyValueSpecification","valueRequired":true,"valueName":"search_term_string"}}],"inLanguage":"fr-FR"},{"@type":"Organization","@id":"https:\/\/afripick.com\/#organization","name":"AFRIPICK","url":"https:\/\/afripick.com\/","logo":{"@type":"ImageObject","inLanguage":"fr-FR","@id":"https:\/\/afripick.com\/#\/schema\/logo\/image\/","url":"https:\/\/afripick.com\/wp-content\/uploads\/2025\/07\/cropped-A1ssss.png","contentUrl":"https:\/\/afripick.com\/wp-content\/uploads\/2025\/07\/cropped-A1ssss.png","width":1998,"height":1998,"caption":"AFRIPICK"},"image":{"@id":"https:\/\/afripick.com\/#\/schema\/logo\/image\/"}}]}},"_links":{"self":[{"href":"https:\/\/afripick.com\/fr\/wp-json\/wp\/v2\/pages\/11751","targetHints":{"allow":["GET"]}}],"collection":[{"href":"https:\/\/afripick.com\/fr\/wp-json\/wp\/v2\/pages"}],"about":[{"href":"https:\/\/afripick.com\/fr\/wp-json\/wp\/v2\/types\/page"}],"author":[{"embeddable":true,"href":"https:\/\/afripick.com\/fr\/wp-json\/wp\/v2\/users\/1"}],"replies":[{"embeddable":true,"href":"https:\/\/afripick.com\/fr\/wp-json\/wp\/v2\/comments?post=11751"}],"version-history":[{"count":104,"href":"https:\/\/afripick.com\/fr\/wp-json\/wp\/v2\/pages\/11751\/revisions"}],"predecessor-version":[{"id":12808,"href":"https:\/\/afripick.com\/fr\/wp-json\/wp\/v2\/pages\/11751\/revisions\/12808"}],"wp:attachment":[{"href":"https:\/\/afripick.com\/fr\/wp-json\/wp\/v2\/media?parent=11751"}],"curies":[{"name":"wp","href":"https:\/\/api.w.org\/{rel}","templated":true}]}}