{"id":11792,"date":"2025-08-28T14:40:58","date_gmt":"2025-08-28T14:40:58","guid":{"rendered":"https:\/\/afripick.com\/?page_id=11792"},"modified":"2025-09-24T10:38:43","modified_gmt":"2025-09-24T10:38:43","slug":"raspberries","status":"publish","type":"page","link":"https:\/\/afripick.com\/fr\/raspberries\/","title":{"rendered":"Framboise"},"content":{"rendered":"<div data-elementor-type=\"wp-page\" data-elementor-id=\"11792\" class=\"elementor elementor-11792\" data-elementor-post-type=\"page\">\n\t\t\t\t<div class=\"elementor-element elementor-element-f3e563e e-flex e-con-boxed e-con e-parent\" data-id=\"f3e563e\" data-element_type=\"container\" data-settings=\"{&quot;background_background&quot;:&quot;video&quot;,&quot;background_video_link&quot;:&quot;https:\\\/\\\/afripick.com\\\/wp-content\\\/uploads\\\/2025\\\/08\\\/WhatsApp-Video-2025-08-30-at-15.07.19.mp4&quot;,&quot;background_play_on_mobile&quot;:&quot;yes&quot;}\">\t\t\t<div class=\"e-con-inner\">\r\n\t\t<div class=\"elementor-background-video-container\">\n\t\t\t\t\t\t\t<video class=\"elementor-background-video-hosted\" autoplay muted playsinline loop><\/video>\n\t\t\t\t\t<\/div>\t\t<div class=\"elementor-element elementor-element-7f8d9b1 elementor-widget elementor-widget-pxl_heading\" data-id=\"7f8d9b1\" data-element_type=\"widget\" data-widget_type=\"pxl_heading.default\">\n\t\t\t\t<div class=\"elementor-widget-container\">\n\t\t\t\t\t<div class=\"pxl-heading\">\n\t<div class=\"pxl-heading--inner\">\n\t\t\t\t<h1 class=\"pxl-item--title divider-none wow flipInX  style1\" data-wow-delay=\"200ms\" data-wow-duration=\"1.5s\">\n\t\t\tFramboises\t\t<\/h1>\n\t<\/div>\n<\/div>\t\t\t\t<\/div>\n\t\t\t\t<\/div>\n\t\t\t\t\t<\/div>\r\n\t\t\t\t<\/div>\r\n\t\t<div class=\"elementor-element elementor-element-7f50b3f e-flex e-con-boxed e-con e-parent\" data-id=\"7f50b3f\" data-element_type=\"container\">\t\t\t<div class=\"e-con-inner\">\r\n\t\t<div class=\"elementor-element elementor-element-a17550e e-con-full e-flex e-con e-child\" data-id=\"a17550e\" data-element_type=\"container\"><div class=\"elementor-element elementor-element-421f989 e-con-full e-flex e-con e-child\" data-id=\"421f989\" data-element_type=\"container\"><div class=\"elementor-element elementor-element-576df96 e-con-full e-flex e-con e-child\" data-id=\"576df96\" data-element_type=\"container\"><div class=\"elementor-element elementor-element-280ffa7 e-con-full e-flex e-con e-child\" data-id=\"280ffa7\" data-element_type=\"container\">\t\t<div class=\"elementor-element elementor-element-797e780 elementor-align-left elementor-widget elementor-widget-lottie\" data-id=\"797e780\" data-element_type=\"widget\" data-settings=\"{&quot;source_json&quot;:{&quot;url&quot;:&quot;https:\\\/\\\/afripick.com\\\/wp-content\\\/uploads\\\/2025\\\/08\\\/cranberries_16060005.json&quot;,&quot;id&quot;:11668,&quot;size&quot;:&quot;&quot;,&quot;alt&quot;:&quot;&quot;,&quot;source&quot;:&quot;library&quot;},&quot;source&quot;:&quot;media_file&quot;,&quot;caption_source&quot;:&quot;none&quot;,&quot;link_to&quot;:&quot;none&quot;,&quot;trigger&quot;:&quot;arriving_to_viewport&quot;,&quot;viewport&quot;:{&quot;unit&quot;:&quot;%&quot;,&quot;size&quot;:&quot;&quot;,&quot;sizes&quot;:{&quot;start&quot;:0,&quot;end&quot;:100}},&quot;play_speed&quot;:{&quot;unit&quot;:&quot;px&quot;,&quot;size&quot;:1,&quot;sizes&quot;:[]},&quot;start_point&quot;:{&quot;unit&quot;:&quot;%&quot;,&quot;size&quot;:0,&quot;sizes&quot;:[]},&quot;end_point&quot;:{&quot;unit&quot;:&quot;%&quot;,&quot;size&quot;:100,&quot;sizes&quot;:[]},&quot;renderer&quot;:&quot;svg&quot;}\" data-widget_type=\"lottie.default\">\n\t\t\t\t\t<div class=\"e-lottie__container\"><div class=\"e-lottie__animation\"><\/div><\/div>\t\t\t\t<\/div>\n\t\t\t\t<div class=\"elementor-element elementor-element-71b6044 e-transform elementor-widget elementor-widget-pxl_heading\" data-id=\"71b6044\" data-element_type=\"widget\" data-settings=\"{&quot;_transform_translateX_effect&quot;:{&quot;unit&quot;:&quot;px&quot;,&quot;size&quot;:10,&quot;sizes&quot;:[]},&quot;_transform_translateX_effect_laptop&quot;:{&quot;unit&quot;:&quot;px&quot;,&quot;size&quot;:&quot;&quot;,&quot;sizes&quot;:[]},&quot;_transform_translateX_effect_tablet_extra&quot;:{&quot;unit&quot;:&quot;px&quot;,&quot;size&quot;:&quot;&quot;,&quot;sizes&quot;:[]},&quot;_transform_translateX_effect_tablet&quot;:{&quot;unit&quot;:&quot;px&quot;,&quot;size&quot;:&quot;&quot;,&quot;sizes&quot;:[]},&quot;_transform_translateX_effect_mobile_extra&quot;:{&quot;unit&quot;:&quot;px&quot;,&quot;size&quot;:&quot;&quot;,&quot;sizes&quot;:[]},&quot;_transform_translateX_effect_mobile&quot;:{&quot;unit&quot;:&quot;px&quot;,&quot;size&quot;:&quot;&quot;,&quot;sizes&quot;:[]},&quot;_transform_translateY_effect&quot;:{&quot;unit&quot;:&quot;px&quot;,&quot;size&quot;:&quot;&quot;,&quot;sizes&quot;:[]},&quot;_transform_translateY_effect_laptop&quot;:{&quot;unit&quot;:&quot;px&quot;,&quot;size&quot;:&quot;&quot;,&quot;sizes&quot;:[]},&quot;_transform_translateY_effect_tablet_extra&quot;:{&quot;unit&quot;:&quot;px&quot;,&quot;size&quot;:&quot;&quot;,&quot;sizes&quot;:[]},&quot;_transform_translateY_effect_tablet&quot;:{&quot;unit&quot;:&quot;px&quot;,&quot;size&quot;:&quot;&quot;,&quot;sizes&quot;:[]},&quot;_transform_translateY_effect_mobile_extra&quot;:{&quot;unit&quot;:&quot;px&quot;,&quot;size&quot;:&quot;&quot;,&quot;sizes&quot;:[]},&quot;_transform_translateY_effect_mobile&quot;:{&quot;unit&quot;:&quot;px&quot;,&quot;size&quot;:&quot;&quot;,&quot;sizes&quot;:[]}}\" data-widget_type=\"pxl_heading.default\">\n\t\t\t\t<div class=\"elementor-widget-container\">\n\t\t\t\t\t<div class=\"pxl-heading\">\n\t<div class=\"pxl-heading--inner\">\n\t\t\t\t\t<div class=\"pxl-item--subtitle\" data-wow-delay=\"ms\" data-wow-duration=\"1.2s\"><span>Nos framboises <\/span><\/div>\n\t\t\t\t<h3 class=\"pxl-item--title divider-none   style1\" data-wow-delay=\"ms\" data-wow-duration=\"1.2s\">\n\t\t\tDoux, d\u00e9licat, inoubliable.\t\t<\/h3>\n\t<\/div>\n<\/div>\t\t\t\t<\/div>\n\t\t\t\t<\/div>\n\t\t<div class=\"elementor-element elementor-element-f0e11ff e-con-full e-flex e-con e-child\" data-id=\"f0e11ff\" data-element_type=\"container\">\t\t<div class=\"elementor-element elementor-element-8e47f81 e-transform elementor-widget elementor-widget-pxl_text_editor\" data-id=\"8e47f81\" data-element_type=\"widget\" data-settings=\"{&quot;_transform_translateX_effect&quot;:{&quot;unit&quot;:&quot;px&quot;,&quot;size&quot;:-1,&quot;sizes&quot;:[]},&quot;_transform_translateY_effect&quot;:{&quot;unit&quot;:&quot;px&quot;,&quot;size&quot;:-4,&quot;sizes&quot;:[]},&quot;_transform_translateX_effect_laptop&quot;:{&quot;unit&quot;:&quot;px&quot;,&quot;size&quot;:&quot;&quot;,&quot;sizes&quot;:[]},&quot;_transform_translateX_effect_tablet_extra&quot;:{&quot;unit&quot;:&quot;px&quot;,&quot;size&quot;:&quot;&quot;,&quot;sizes&quot;:[]},&quot;_transform_translateX_effect_tablet&quot;:{&quot;unit&quot;:&quot;px&quot;,&quot;size&quot;:&quot;&quot;,&quot;sizes&quot;:[]},&quot;_transform_translateX_effect_mobile_extra&quot;:{&quot;unit&quot;:&quot;px&quot;,&quot;size&quot;:&quot;&quot;,&quot;sizes&quot;:[]},&quot;_transform_translateX_effect_mobile&quot;:{&quot;unit&quot;:&quot;px&quot;,&quot;size&quot;:&quot;&quot;,&quot;sizes&quot;:[]},&quot;_transform_translateY_effect_laptop&quot;:{&quot;unit&quot;:&quot;px&quot;,&quot;size&quot;:&quot;&quot;,&quot;sizes&quot;:[]},&quot;_transform_translateY_effect_tablet_extra&quot;:{&quot;unit&quot;:&quot;px&quot;,&quot;size&quot;:&quot;&quot;,&quot;sizes&quot;:[]},&quot;_transform_translateY_effect_tablet&quot;:{&quot;unit&quot;:&quot;px&quot;,&quot;size&quot;:&quot;&quot;,&quot;sizes&quot;:[]},&quot;_transform_translateY_effect_mobile_extra&quot;:{&quot;unit&quot;:&quot;px&quot;,&quot;size&quot;:&quot;&quot;,&quot;sizes&quot;:[]},&quot;_transform_translateY_effect_mobile&quot;:{&quot;unit&quot;:&quot;px&quot;,&quot;size&quot;:&quot;&quot;,&quot;sizes&quot;:[]}}\" data-widget_type=\"pxl_text_editor.default\">\n\t\t\t\t<div class=\"elementor-widget-container\">\n\t\t\t\t\t<div class=\"pxl-text-editor wow flash\" data-wow-delay=\"ms\" data-wow-duration=\"1.2s\">\n\t<div class=\"pxl-item--inner\">\n\t\t<p data-start=\"80\" data-end=\"345\">Vibrantes, d\u00e9licates et pleines de saveur, les framboises sont un des fruits pr\u00e9f\u00e9r\u00e9s pour leur go\u00fbt et leur valeur nutritive. Leur couleur rouge vif et leur douceur naturelle les rendent irr\u00e9sistibles, tandis que leur richesse en vitamines, en antioxydants et en fibres favorise un mode de vie sain.<\/p><p data-start=\"347\" data-end=\"598\">Les framboises sont parfaites pour \u00eatre grignot\u00e9es fra\u00eeches, mix\u00e9es dans des smoothies, cuites dans des p\u00e2tisseries ou pour cr\u00e9er des sauces et des confitures exquises. Leur saveur distinctive ajoute de l'\u00e9l\u00e9gance et de la fra\u00eecheur \u00e0 tous les plats, ce qui en fait un aliment de base pour les cr\u00e9ations gastronomiques du monde entier.<\/p><p data-start=\"600\" data-end=\"951\">Chez Afripick, nous proposons des framboises marocaines de premi\u00e8re qualit\u00e9, soigneusement cultiv\u00e9es et cueillies \u00e0 la main pour garantir le meilleur go\u00fbt, la meilleure texture et la plus grande fra\u00eecheur. <strong data-start=\"745\" data-end=\"804\">Disponible de septembre \u00e0 juin,<\/strong> Chaque baie repr\u00e9sente notre d\u00e9vouement \u00e0 l'excellence et notre passion pour fournir le meilleur des r\u00e9coltes de baies du Maroc aux march\u00e9s internationaux.<\/p>\t<\/div>\n<\/div>\n\t\t\t\t<\/div>\n\t\t\t\t<\/div>\n\t\t\t\t<\/div>\r\n\t\t\t\t<\/div>\r\n\t\t<div class=\"elementor-element elementor-element-1f2a04c e-con-full e-flex e-con e-child\" data-id=\"1f2a04c\" data-element_type=\"container\"><div class=\"elementor-element elementor-element-dcbe509 e-con-full e-flex e-con e-child\" data-id=\"dcbe509\" data-element_type=\"container\">\t\t<div class=\"elementor-element elementor-element-a673621 e-transform elementor-widget elementor-widget-image-carousel\" data-id=\"a673621\" data-element_type=\"widget\" data-settings=\"{&quot;slides_to_show&quot;:&quot;1&quot;,&quot;navigation&quot;:&quot;none&quot;,&quot;autoplay_speed&quot;:1000,&quot;_transform_translateY_effect&quot;:{&quot;unit&quot;:&quot;px&quot;,&quot;size&quot;:89,&quot;sizes&quot;:[]},&quot;autoplay&quot;:&quot;yes&quot;,&quot;pause_on_hover&quot;:&quot;yes&quot;,&quot;pause_on_interaction&quot;:&quot;yes&quot;,&quot;infinite&quot;:&quot;yes&quot;,&quot;effect&quot;:&quot;slide&quot;,&quot;speed&quot;:500,&quot;_transform_translateX_effect&quot;:{&quot;unit&quot;:&quot;px&quot;,&quot;size&quot;:&quot;&quot;,&quot;sizes&quot;:[]},&quot;_transform_translateX_effect_laptop&quot;:{&quot;unit&quot;:&quot;px&quot;,&quot;size&quot;:&quot;&quot;,&quot;sizes&quot;:[]},&quot;_transform_translateX_effect_tablet_extra&quot;:{&quot;unit&quot;:&quot;px&quot;,&quot;size&quot;:&quot;&quot;,&quot;sizes&quot;:[]},&quot;_transform_translateX_effect_tablet&quot;:{&quot;unit&quot;:&quot;px&quot;,&quot;size&quot;:&quot;&quot;,&quot;sizes&quot;:[]},&quot;_transform_translateX_effect_mobile_extra&quot;:{&quot;unit&quot;:&quot;px&quot;,&quot;size&quot;:&quot;&quot;,&quot;sizes&quot;:[]},&quot;_transform_translateX_effect_mobile&quot;:{&quot;unit&quot;:&quot;px&quot;,&quot;size&quot;:&quot;&quot;,&quot;sizes&quot;:[]},&quot;_transform_translateY_effect_laptop&quot;:{&quot;unit&quot;:&quot;px&quot;,&quot;size&quot;:&quot;&quot;,&quot;sizes&quot;:[]},&quot;_transform_translateY_effect_tablet_extra&quot;:{&quot;unit&quot;:&quot;px&quot;,&quot;size&quot;:&quot;&quot;,&quot;sizes&quot;:[]},&quot;_transform_translateY_effect_tablet&quot;:{&quot;unit&quot;:&quot;px&quot;,&quot;size&quot;:&quot;&quot;,&quot;sizes&quot;:[]},&quot;_transform_translateY_effect_mobile_extra&quot;:{&quot;unit&quot;:&quot;px&quot;,&quot;size&quot;:&quot;&quot;,&quot;sizes&quot;:[]},&quot;_transform_translateY_effect_mobile&quot;:{&quot;unit&quot;:&quot;px&quot;,&quot;size&quot;:&quot;&quot;,&quot;sizes&quot;:[]}}\" data-widget_type=\"image-carousel.default\">\n\t\t\t\t\t\t\t<div class=\"elementor-image-carousel-wrapper swiper\" role=\"region\" aria-roledescription=\"carousel\" aria-label=\"Carrousel d&#039;images\" dir=\"ltr\">\n\t\t\t<div class=\"elementor-image-carousel swiper-wrapper\" aria-live=\"off\">\n\t\t\t\t\t\t\t\t<div class=\"swiper-slide\" role=\"group\" aria-roledescription=\"slide\" aria-label=\"1 sur 1\" data-no-translation-aria-label=\"\"><figure class=\"swiper-slide-inner\"><img decoding=\"async\" class=\"swiper-slide-image\" src=\"https:\/\/afripick.com\/wp-content\/uploads\/2025\/09\/high-angle-view-red-berries-plant-1-Photoroom-1.jpg\" alt=\"vue d&#039;ensemble-berges rouges-plantation (1)-Photoroom (1)\" \/><\/figure><\/div>\t\t\t<\/div>\n\t\t\t\t\t<\/div>\n\t\t\t\t\t\t<\/div>\n\t\t\t\t<\/div>\r\n\t\t\t\t<\/div>\r\n\t\t\t\t<\/div>\r\n\t\t\t\t<\/div>\r\n\t\t\t\t<\/div>\r\n\t\t\t\t\t<\/div>\r\n\t\t\t\t<\/div>\r\n\t\t\t\t<\/div>","protected":false},"excerpt":{"rendered":"<p>Raspberries Our Raspberries Sweet, delicate, unforgettable. Vibrant, delicate, and full of flavor, raspberries are a favorite fruit for both taste and nutrition. Their bright red color and natural sweetness make them irresistible, while their rich content of vitamins, antioxidants, and fiber supports a healthy lifestyle. Raspberries are perfect for fresh snacking, blending into smoothies, baking [&hellip;]<\/p>","protected":false},"author":1,"featured_media":0,"parent":0,"menu_order":0,"comment_status":"closed","ping_status":"closed","template":"","meta":{"_analytify_skip_tracking":false,"footnotes":""},"class_list":["post-11792","page","type-page","status-publish","hentry"],"yoast_head":"<!-- This site is optimized with the Yoast SEO Premium plugin v25.7.1 (Yoast SEO v25.7) - https:\/\/yoast.com\/wordpress\/plugins\/seo\/ -->\n<title>raspberries - AFRIPICK<\/title>\n<meta name=\"description\" content=\"Taste the freshness of Moroccan raspberries with Afripick. Juicy, sweet, and rich in nutrients, our raspberries are sustainably grown and carefully delivered to you.\" \/>\n<meta name=\"robots\" content=\"index, follow, max-snippet:-1, max-image-preview:large, max-video-preview:-1\" \/>\n<link rel=\"canonical\" href=\"https:\/\/afripick.com\/fr\/raspberries\/\" \/>\n<meta property=\"og:locale\" content=\"fr_FR\" \/>\n<meta property=\"og:type\" content=\"article\" \/>\n<meta property=\"og:title\" content=\"Raspberry\" \/>\n<meta property=\"og:description\" content=\"Taste the freshness of Moroccan raspberries with Afripick. Juicy, sweet, and rich in nutrients, our raspberries are sustainably grown and carefully delivered to you.\" \/>\n<meta property=\"og:url\" content=\"https:\/\/afripick.com\/fr\/raspberries\/\" \/>\n<meta property=\"og:site_name\" content=\"AFRIPICK\" \/>\n<meta property=\"article:modified_time\" content=\"2025-09-24T10:38:43+00:00\" \/>\n<meta property=\"og:image\" content=\"https:\/\/afripick.com\/wp-content\/uploads\/2025\/09\/high-angle-view-red-berries-plant-1-Photoroom-1.jpg\" \/>\n<meta name=\"twitter:card\" content=\"summary_large_image\" \/>\n<meta name=\"twitter:label1\" content=\"Dur\u00e9e de lecture estim\u00e9e\" \/>\n\t<meta name=\"twitter:data1\" content=\"1 minute\" \/>\n<script type=\"application\/ld+json\" class=\"yoast-schema-graph\">{\"@context\":\"https:\/\/schema.org\",\"@graph\":[{\"@type\":\"WebPage\",\"@id\":\"https:\/\/afripick.com\/fr\/raspberries\/\",\"url\":\"https:\/\/afripick.com\/fr\/raspberries\/\",\"name\":\"raspberries - AFRIPICK\",\"isPartOf\":{\"@id\":\"https:\/\/afripick.com\/#website\"},\"primaryImageOfPage\":{\"@id\":\"https:\/\/afripick.com\/fr\/raspberries\/#primaryimage\"},\"image\":{\"@id\":\"https:\/\/afripick.com\/fr\/raspberries\/#primaryimage\"},\"thumbnailUrl\":\"https:\/\/afripick.com\/wp-content\/uploads\/2025\/09\/high-angle-view-red-berries-plant-1-Photoroom-1.jpg\",\"datePublished\":\"2025-08-28T14:40:58+00:00\",\"dateModified\":\"2025-09-24T10:38:43+00:00\",\"description\":\"Taste the freshness of Moroccan raspberries with Afripick. Juicy, sweet, and rich in nutrients, our raspberries are sustainably grown and carefully delivered to you.\",\"breadcrumb\":{\"@id\":\"https:\/\/afripick.com\/fr\/raspberries\/#breadcrumb\"},\"inLanguage\":\"fr-FR\",\"potentialAction\":[{\"@type\":\"ReadAction\",\"target\":[\"https:\/\/afripick.com\/fr\/raspberries\/\"]}]},{\"@type\":\"ImageObject\",\"inLanguage\":\"fr-FR\",\"@id\":\"https:\/\/afripick.com\/fr\/raspberries\/#primaryimage\",\"url\":\"https:\/\/afripick.com\/wp-content\/uploads\/2025\/09\/high-angle-view-red-berries-plant-1-Photoroom-1.jpg\",\"contentUrl\":\"https:\/\/afripick.com\/wp-content\/uploads\/2025\/09\/high-angle-view-red-berries-plant-1-Photoroom-1.jpg\"},{\"@type\":\"BreadcrumbList\",\"@id\":\"https:\/\/afripick.com\/fr\/raspberries\/#breadcrumb\",\"itemListElement\":[{\"@type\":\"ListItem\",\"position\":1,\"name\":\"Home\",\"item\":\"https:\/\/afripick.com\/\"},{\"@type\":\"ListItem\",\"position\":2,\"name\":\"Raspberry\"}]},{\"@type\":\"WebSite\",\"@id\":\"https:\/\/afripick.com\/#website\",\"url\":\"https:\/\/afripick.com\/\",\"name\":\"AFRIPICK\",\"description\":\"AFRIPICK\",\"publisher\":{\"@id\":\"https:\/\/afripick.com\/#organization\"},\"potentialAction\":[{\"@type\":\"SearchAction\",\"target\":{\"@type\":\"EntryPoint\",\"urlTemplate\":\"https:\/\/afripick.com\/?s={search_term_string}\"},\"query-input\":{\"@type\":\"PropertyValueSpecification\",\"valueRequired\":true,\"valueName\":\"search_term_string\"}}],\"inLanguage\":\"fr-FR\"},{\"@type\":\"Organization\",\"@id\":\"https:\/\/afripick.com\/#organization\",\"name\":\"AFRIPICK\",\"url\":\"https:\/\/afripick.com\/\",\"logo\":{\"@type\":\"ImageObject\",\"inLanguage\":\"fr-FR\",\"@id\":\"https:\/\/afripick.com\/#\/schema\/logo\/image\/\",\"url\":\"https:\/\/afripick.com\/wp-content\/uploads\/2025\/07\/cropped-A1ssss.png\",\"contentUrl\":\"https:\/\/afripick.com\/wp-content\/uploads\/2025\/07\/cropped-A1ssss.png\",\"width\":1998,\"height\":1998,\"caption\":\"AFRIPICK\"},\"image\":{\"@id\":\"https:\/\/afripick.com\/#\/schema\/logo\/image\/\"}}]}<\/script>\n<!-- \/ Yoast SEO Premium plugin. -->","yoast_head_json":{"title":"framboises - AFRIPICK","description":"Go\u00fbtez \u00e0 la fra\u00eecheur des framboises marocaines avec Afripick. Juteuses, sucr\u00e9es et riches en nutriments, nos framboises sont cultiv\u00e9es de mani\u00e8re durable et vous sont livr\u00e9es avec soin.","robots":{"index":"index","follow":"follow","max-snippet":"max-snippet:-1","max-image-preview":"max-image-preview:large","max-video-preview":"max-video-preview:-1"},"canonical":"https:\/\/afripick.com\/fr\/raspberries\/","og_locale":"fr_FR","og_type":"article","og_title":"Raspberry","og_description":"Taste the freshness of Moroccan raspberries with Afripick. Juicy, sweet, and rich in nutrients, our raspberries are sustainably grown and carefully delivered to you.","og_url":"https:\/\/afripick.com\/fr\/raspberries\/","og_site_name":"AFRIPICK","article_modified_time":"2025-09-24T10:38:43+00:00","og_image":[{"url":"https:\/\/afripick.com\/wp-content\/uploads\/2025\/09\/high-angle-view-red-berries-plant-1-Photoroom-1.jpg","type":"","width":"","height":""}],"twitter_card":"summary_large_image","twitter_misc":{"Dur\u00e9e de lecture estim\u00e9e":"1 minute"},"schema":{"@context":"https:\/\/schema.org","@graph":[{"@type":"WebPage","@id":"https:\/\/afripick.com\/fr\/raspberries\/","url":"https:\/\/afripick.com\/fr\/raspberries\/","name":"framboises - AFRIPICK","isPartOf":{"@id":"https:\/\/afripick.com\/#website"},"primaryImageOfPage":{"@id":"https:\/\/afripick.com\/fr\/raspberries\/#primaryimage"},"image":{"@id":"https:\/\/afripick.com\/fr\/raspberries\/#primaryimage"},"thumbnailUrl":"https:\/\/afripick.com\/wp-content\/uploads\/2025\/09\/high-angle-view-red-berries-plant-1-Photoroom-1.jpg","datePublished":"2025-08-28T14:40:58+00:00","dateModified":"2025-09-24T10:38:43+00:00","description":"Go\u00fbtez \u00e0 la fra\u00eecheur des framboises marocaines avec Afripick. Juteuses, sucr\u00e9es et riches en nutriments, nos framboises sont cultiv\u00e9es de mani\u00e8re durable et vous sont livr\u00e9es avec soin.","breadcrumb":{"@id":"https:\/\/afripick.com\/fr\/raspberries\/#breadcrumb"},"inLanguage":"fr-FR","potentialAction":[{"@type":"ReadAction","target":["https:\/\/afripick.com\/fr\/raspberries\/"]}]},{"@type":"ImageObject","inLanguage":"fr-FR","@id":"https:\/\/afripick.com\/fr\/raspberries\/#primaryimage","url":"https:\/\/afripick.com\/wp-content\/uploads\/2025\/09\/high-angle-view-red-berries-plant-1-Photoroom-1.jpg","contentUrl":"https:\/\/afripick.com\/wp-content\/uploads\/2025\/09\/high-angle-view-red-berries-plant-1-Photoroom-1.jpg"},{"@type":"BreadcrumbList","@id":"https:\/\/afripick.com\/fr\/raspberries\/#breadcrumb","itemListElement":[{"@type":"ListItem","position":1,"name":"Home","item":"https:\/\/afripick.com\/"},{"@type":"ListItem","position":2,"name":"Raspberry"}]},{"@type":"WebSite","@id":"https:\/\/afripick.com\/#website","url":"https:\/\/afripick.com\/","name":"AFRIPICK","description":"AFRIPICK","publisher":{"@id":"https:\/\/afripick.com\/#organization"},"potentialAction":[{"@type":"SearchAction","target":{"@type":"EntryPoint","urlTemplate":"https:\/\/afripick.com\/?s={search_term_string}"},"query-input":{"@type":"PropertyValueSpecification","valueRequired":true,"valueName":"search_term_string"}}],"inLanguage":"fr-FR"},{"@type":"Organization","@id":"https:\/\/afripick.com\/#organization","name":"AFRIPICK","url":"https:\/\/afripick.com\/","logo":{"@type":"ImageObject","inLanguage":"fr-FR","@id":"https:\/\/afripick.com\/#\/schema\/logo\/image\/","url":"https:\/\/afripick.com\/wp-content\/uploads\/2025\/07\/cropped-A1ssss.png","contentUrl":"https:\/\/afripick.com\/wp-content\/uploads\/2025\/07\/cropped-A1ssss.png","width":1998,"height":1998,"caption":"AFRIPICK"},"image":{"@id":"https:\/\/afripick.com\/#\/schema\/logo\/image\/"}}]}},"_links":{"self":[{"href":"https:\/\/afripick.com\/fr\/wp-json\/wp\/v2\/pages\/11792","targetHints":{"allow":["GET"]}}],"collection":[{"href":"https:\/\/afripick.com\/fr\/wp-json\/wp\/v2\/pages"}],"about":[{"href":"https:\/\/afripick.com\/fr\/wp-json\/wp\/v2\/types\/page"}],"author":[{"embeddable":true,"href":"https:\/\/afripick.com\/fr\/wp-json\/wp\/v2\/users\/1"}],"replies":[{"embeddable":true,"href":"https:\/\/afripick.com\/fr\/wp-json\/wp\/v2\/comments?post=11792"}],"version-history":[{"count":59,"href":"https:\/\/afripick.com\/fr\/wp-json\/wp\/v2\/pages\/11792\/revisions"}],"predecessor-version":[{"id":12798,"href":"https:\/\/afripick.com\/fr\/wp-json\/wp\/v2\/pages\/11792\/revisions\/12798"}],"wp:attachment":[{"href":"https:\/\/afripick.com\/fr\/wp-json\/wp\/v2\/media?parent=11792"}],"curies":[{"name":"wp","href":"https:\/\/api.w.org\/{rel}","templated":true}]}}